{"id":1591,"date":"2017-02-12T17:08:50","date_gmt":"2017-02-12T16:08:50","guid":{"rendered":"https:\/\/mudancessabate.panelserver.eu\/sobre-nosaltres\/"},"modified":"2023-07-06T18:05:14","modified_gmt":"2023-07-06T16:05:14","slug":"sobre-nosotros","status":"publish","type":"page","link":"https:\/\/mudancessabate.com\/es\/sobre-nosotros\/","title":{"rendered":"Sobre nosotros"},"content":{"rendered":"<div class=\"wpb-content-wrapper\"><p>[vc_row full_width=\u00bbstretch_row\u00bb css=\u00bb.vc_custom_1688565140704{padding-top: 7.1rem !important;padding-bottom: 5.1rem !important;background-image: url(https:\/\/mudancessabate.com\/wp-content\/uploads\/2023\/07\/slider-sobre-nosotros-final.jpg?id=2006) !important;background-position: center !important;background-repeat: no-repeat !important;background-size: cover !important;}\u00bb][vc_column width=\u00bb1\/2&#8243; offset=\u00bbvc_col-lg-6 vc_col-md-6 vc_hidden-sm\u00bb][\/vc_column][vc_column offset=\u00bbvc_col-lg-6 vc_col-md-6 vc_col-xs-12&#8243;][vc_column_text css=\u00bb.vc_custom_1688659023855{margin-bottom: 2.5rem !important;}\u00bb]<\/p>\n<h2>Mudamos <span class=\"trx_addons_hover\">tu vida<\/span><\/h2>\n<p>Somos Mudanzas Sabat\u00e9, una empresa especializada en servicios de mudanzas para particulares y empresas. Con amplia experiencia en el sector, ofrecemos servicios de mudanzas locales, nacionales e internacionales, as\u00ed como servicios de transporte y almacenamiento.[\/vc_column_text]<div class=\"cq-draggable-container hide_on_mobile\" data-draggingbarbgcolor=\"#f05f5a\" data-defaultbarbgcolor=\"#f05f5a\" data-avatarstyle=\"icon\" data-activeiconcolor=\"\" data-autoplay=\"yes\" data-autoplayspeed=\"\" data-labelcolor=\"\" data-dragbuttonwidth=\"\" data-contaienrwidth=\"100%\"><div class=\"cq-draggable-slider\"><div class=\"cq-draggable-stripe\"><div class=\"cq-draggable-handle\"><div class=\"cq-infobox gray\"><div class=\"cq-titlecontainer\"><div class=\"cq-titlebar\">Inicio de la empresa<\/div><div class=\"cq-titlebar\">Ampliaci\u00f3n de la<br \/>\nflota de veh\u00edculos<\/div><div class=\"cq-titlebar\">Adquisici\u00f3n Gr\u00faa<br \/>\nel\u00e9ctrica elevadora<\/div><div class=\"cq-titlebar\">Ampliaci\u00f3n de la flota y<br \/>\nrenovaci\u00f3n de la imagen corporativa<\/div><\/div><div class=\"cq-innerbox\"><div class=\"cq-carouselcontainer\"><\/div><\/div><\/div><\/div><\/div><div class=\"cq-barcontainer\"><div class=\"cq-highlight-container icon\"><div class=\"cq-highlight round\" data-iconbgcolors=\"#f05f5a\"><span class=\"fa fa-1x none\"><\/span><\/div><span class=\"cq-highlight-label\">2016<\/span><\/div><div class=\"cq-highlight-container icon\"><div class=\"cq-highlight round\" data-iconbgcolors=\"#f05f5a\"><span class=\"fa fa-1x none\"><\/span><\/div><span class=\"cq-highlight-label\">2019<\/span><\/div><div class=\"cq-highlight-container icon\"><div class=\"cq-highlight round\" data-iconbgcolors=\"#f05f5a\"><span class=\"fa fa-1x none\"><\/span><\/div><span class=\"cq-highlight-label\">2021<\/span><\/div><div class=\"cq-highlight-container icon\"><div class=\"cq-highlight round\" data-iconbgcolors=\"#f05f5a\"><span class=\"fa fa-1x none\"><\/span><\/div><span class=\"cq-highlight-label\">2023<\/span><\/div><\/div><\/div><\/div>[\/vc_column][\/vc_row][vc_row css=\u00bb.vc_custom_1488365026287{padding-top: 7rem !important;padding-bottom: 4.8rem !important;}\u00bb][vc_column width=\u00bb1\/6&#8243; css=\u00bb.vc_custom_1488365035861{padding-bottom: 2rem !important;}\u00bb][\/vc_column][vc_column width=\u00bb2\/3&#8243; css=\u00bb.vc_custom_1488365039769{padding-bottom: 2rem !important;}\u00bb][vc_tta_accordion c_icon=\u00bbtriangle\u00bb c_position=\u00bbright\u00bb active_section=\u00bb2&#8243; collapsible_all=\u00bbtrue\u00bb][vc_tta_section title=\u00bbEmpresa de mudanzas\u00bb tab_id=\u00bb1487068989835-18dbbf43-682d\u00bb][vc_column_text]En Mudanzas Sabat\u00e9 nos preocupa la satisfacci\u00f3n del cliente, por eso ofrecemos servicios personalizados para adaptarnos a las necesidades y requerimientos de cada cliente. Contamos con un equipo de profesionales altamente calificados y experimentados que garantizan un servicio de calidad y eficiente.<\/p>\n<p>Adem\u00e1s disponemos de una flota de veh\u00edculos moderna y equipada para la realizaci\u00f3n de mudanzas de todo tipo, as\u00ed como de instalaciones de almacenaje con todas las garant\u00edas de seguridad y protecci\u00f3n para los objetos de nuestros clientes.<\/p>\n<p>En Mudanzas Sabat\u00e9, tambi\u00e9n nos preocupamos por el medio ambiente y la sostenibilidad, por eso utilizamos materiales y t\u00e9cnicas de reciclaje y reutilizaci\u00f3n en todas nuestras mudanzas y servicios relacionados.<\/p>\n<p>Conf\u00eda en Mudanzas Sabat\u00e9 para tu pr\u00f3xima mudanza y deja que nuestros profesionales se encarguen de todo. Estamos comprometidos con la satisfacci\u00f3n del cliente y con ofrecerle el mejor servicio posible.[\/vc_column_text][\/vc_tta_section][vc_tta_section title=\u00bb\u00bfC\u00f3mo trabajamos?\u00bb tab_id=\u00bb1688621592448-65f23d6d-d0dc\u00bb][vc_column_text]<span style=\"font-weight: 400;\">En Mudanzas Sabat\u00e9 nos preocupamos por ofrecer un servicio de mudanzas de calidad y personalizado para cada cliente. Por eso, seguimos un proceso meticuloso en tres pasos para asegurarnos de que cada mudanza se realiza con \u00e9xito y sin contratiempo.<\/span><\/p>\n<p><span style=\"font-weight: 400;\">Nuestro proceso comienza con una<\/span><b> visita al inmueble<\/b><span style=\"font-weight: 400;\"> para evaluar las necesidades del cliente y elaborar un presupuesto personalizado. A continuaci\u00f3n, planificamos el embalaje y preparaci\u00f3n de los objetos para asegurarnos de que todo est\u00e9 en orden para el d\u00eda de la mudanza.<\/span><\/p>\n<p><b>El d\u00eda de la mudanza<\/b><span style=\"font-weight: 400;\">, nuestro equipo de profesionales altamente cualificados y experimentados se desplaza hasta el inmueble para realizar la carga de los objetos y transportar -los cuidadosamente y eficacia hasta su nuevo destino.<\/span><\/p>\n<p><span style=\"font-weight: 400;\">Una vez llegados al nuevo sitio, nuestros profesionales <\/span><b>descargan los objetos<\/b><span style=\"font-weight: 400;\"> con cuidado y<\/span><b> los colocan seg\u00fan las indicaciones del cliente.<\/b><span style=\"font-weight: 400;\"> Tambi\u00e9n ofrecemos servicios adicionales como el montaje y desmontaje de muebles, el desembalaje y retirada de residuos.<\/span><\/p>\n<p><span style=\"font-weight: 400;\">En resumen, en Mudanzas Sabat\u00e9 trabajamos con profesionalidad, eficacia y cuidado para garantizar que cada mudanza se realiza sin problemas y con la satisfacci\u00f3n del cliente como principal objetivo.<\/span>[\/vc_column_text][\/vc_tta_section][\/vc_tta_accordion][\/vc_column][vc_column width=\u00bb1\/6&#8243;][\/vc_column][\/vc_row][vc_row css=\u00bb.vc_custom_1688623345000{padding-bottom: 2.1rem !important;}\u00bb][vc_column][vc_row_inner][vc_column_inner width=\u00bb1\/3&#8243;][vc_single_image image=\u00bb2273&#8243; img_size=\u00bbfull\u00bb alignment=\u00bbcenter\u00bb style=\u00bbvc_box_shadow\u00bb][\/vc_column_inner][vc_column_inner width=\u00bb1\/3&#8243;][vc_single_image image=\u00bb2276&#8243; img_size=\u00bbfull\u00bb alignment=\u00bbcenter\u00bb style=\u00bbvc_box_shadow\u00bb][\/vc_column_inner][vc_column_inner width=\u00bb1\/3&#8243;][vc_single_image image=\u00bb2279&#8243; img_size=\u00bbfull\u00bb alignment=\u00bbcenter\u00bb style=\u00bbvc_box_shadow\u00bb][\/vc_column_inner][\/vc_row_inner][\/vc_column][\/vc_row][vc_row el_id=\u00bbRESSENYES\u00bb css=\u00bb.vc_custom_1686853081677{padding-top: 5.3rem !important;padding-bottom: 5.8rem !important;}\u00bb][vc_column width=\u00bb1\/6&#8243;][\/vc_column][vc_column width=\u00bb2\/3&#8243;][vc_row_inner][vc_column_inner width=\u00bb1\/2&#8243;][vc_single_image image=\u00bb2024&#8243; img_size=\u00bbfull\u00bb alignment=\u00bbcenter\u00bb][\/vc_column_inner][vc_column_inner width=\u00bb1\/2&#8243;][vc_column_text css=\u00bb.vc_custom_1688659146964{margin-bottom: 1.66rem !important;}\u00bb]<\/p>\n<h2 class=\"sc_item_title sc_promo_title sc_align_left sc_item_title_style_default\" style=\"text-align: center;\"><span class=\"trx_addons_hover\">Nuestros<\/span> clientes satisfechos <span class=\"trx_addons_hover\">opinan<\/span><\/h2>\n<p>[\/vc_column_text][vc_column_text css=\u00bb.vc_custom_1688659160388{padding-right: 4rem !important;}\u00bb]<\/p>\n<p style=\"text-align: center;\">Ha sido un placer verte hoy.<br \/>\n\u00bfPodr\u00edas dedicar un minuto a dejar una rese\u00f1a en Google sobre tu experiencia con nosotros?<br \/>\nGracias por tu ayuda<\/p>\n<p>[\/vc_column_text][vc_empty_space height=\u00bb50px\u00bb alter_height=\u00bbsmall\u00bb hide_on_mobile=\u00bb\u00bb]<div class=\"sc_item_button sc_button_wrap sc_align_center\"><a href=\"https:\/\/reviewthis.biz\/mudancessabate\" id=\"sc_button_1917714726\" class=\"sc_button sc_button_default sc_button_size_normal sc_button_icon_left\"><span class=\"sc_button_text\"><span class=\"sc_button_title\">Dejar una rese\u00f1a<\/span><\/span><!-- \/.sc_button_text --><\/a><!-- \/.sc_button --><\/div><!-- \/.sc_item_button -->[vc_empty_space height=\u00bb50px\u00bb alter_height=\u00bbsmall\u00bb hide_on_mobile=\u00bb\u00bb][\/vc_column_inner][\/vc_row_inner]<div class=\"sc_testimonials sc_testimonials_default\"><div class=\"sc_testimonials_columns sc_item_columns trx_addons_columns_wrap columns_padding_bottom\"><div class=\"trx_addons_column-1_3\"><div class=\"sc_testimonials_item\">\n\t<div class=\"sc_testimonials_item_content\"><p>Grandes profesionales con amplios conocimientos del sector. Nos ofrecieron la mejor opcion adaptandose a nuestras necesidades a un coste competitivo.<\/p>\n<h3 class=\"LC20lb MBeuO DKV0Md\">\u2b50\u2b50\u2b50\u2b50\u2b50<\/h3>\n<\/div>\n\t<div class=\"sc_testimonials_item_author\">\n\t\t\t\t\t<div class=\"sc_testimonials_item_author_avatar\"><img loading=\"lazy\" decoding=\"async\" width=\"60\" height=\"60\" src=\"https:\/\/mudancessabate.com\/wp-content\/uploads\/2017\/03\/hector.png\" class=\"attachment-childhope-thumb-tiny size-childhope-thumb-tiny wp-post-image\" alt=\"Hector B. Rodriguez\" \/><\/div>\n\t\t\t\t<div class=\"sc_testimonials_item_author_data\">\n\t\t\t<h4 class=\"sc_testimonials_item_author_title\">Hector B. Rodriguez<\/h4>\n\t\t\t<div class=\"sc_testimonials_item_author_subtitle\"><\/div>\n\t\t<\/div>\n\t<\/div>\n<\/div>\n<\/div><div class=\"trx_addons_column-1_3\"><div class=\"sc_testimonials_item\">\n\t<div class=\"sc_testimonials_item_content\"><p>Siempre es dificil una mudanza puesto que genera mucho estres, pero con ellos nos sentimos acompa\u00f1ados en todo momento y se encargaron de todo.<\/p>\n<h3 class=\"LC20lb MBeuO DKV0Md\">\u2b50\u2b50\u2b50\u2b50\u2b50<\/h3>\n<\/div>\n\t<div class=\"sc_testimonials_item_author\">\n\t\t\t\t\t<div class=\"sc_testimonials_item_author_avatar\"><img loading=\"lazy\" decoding=\"async\" width=\"50\" height=\"53\" src=\"https:\/\/mudancessabate.com\/wp-content\/uploads\/2017\/03\/s.png\" class=\"attachment-childhope-thumb-tiny size-childhope-thumb-tiny wp-post-image\" alt=\"Saida Carvallo\" \/><\/div>\n\t\t\t\t<div class=\"sc_testimonials_item_author_data\">\n\t\t\t<h4 class=\"sc_testimonials_item_author_title\">Saida Carvallo<\/h4>\n\t\t\t<div class=\"sc_testimonials_item_author_subtitle\"><\/div>\n\t\t<\/div>\n\t<\/div>\n<\/div>\n<\/div><div class=\"trx_addons_column-1_3\"><div class=\"sc_testimonials_item\">\n\t<div class=\"sc_testimonials_item_content\"><p>El servicio de mudanzas ha sido perfecto y sin problemas!<\/p>\n<h3 class=\"LC20lb MBeuO DKV0Md\">\u2b50\u2b50\u2b50\u2b50\u2b50<\/h3>\n<\/div>\n\t<div class=\"sc_testimonials_item_author\">\n\t\t\t\t\t<div class=\"sc_testimonials_item_author_avatar\"><img loading=\"lazy\" decoding=\"async\" width=\"60\" height=\"60\" src=\"https:\/\/mudancessabate.com\/wp-content\/uploads\/2017\/03\/veronica.jpng_.png\" class=\"attachment-childhope-thumb-tiny size-childhope-thumb-tiny wp-post-image\" alt=\"Veronica Rodriguez\" \/><\/div>\n\t\t\t\t<div class=\"sc_testimonials_item_author_data\">\n\t\t\t<h4 class=\"sc_testimonials_item_author_title\">Veronica Rodriguez<\/h4>\n\t\t\t<div class=\"sc_testimonials_item_author_subtitle\"><\/div>\n\t\t<\/div>\n\t<\/div>\n<\/div>\n<\/div><\/div><\/div><!-- \/.sc_testimonials -->[vc_empty_space height=\u00bb50px\u00bb hide_on_mobile=\u00bb\u00bb][\/vc_column][vc_column width=\u00bb1\/6&#8243;][\/vc_column][\/vc_row][vc_row full_width=\u00bbstretch_row\u00bb parallax=\u00bbcontent-moving\u00bb parallax_image=\u00bb1631&#8243; css=\u00bb.vc_custom_1686841065298{padding-top: 7.15rem !important;padding-bottom: 3.8rem !important;}\u00bb][vc_column width=\u00bb1\/6&#8243;][\/vc_column][vc_column width=\u00bb2\/3&#8243;][vc_column_text]<\/p>\n<h2><span class=\"trx_addons_hover\">Nuestro <\/span>Equipo<\/h2>\n<p>[\/vc_column_text][vc_empty_space height=\u00bb70px\u00bb hide_on_mobile=\u00bb\u00bb][vc_row_inner][vc_column_inner][vc_column_text]Buscamos personas con pasi\u00f3n por el servicio al cliente y con ganas de trabajar en un ambiente din\u00e1mico y motivador. Si te gusta trabajar en equipo y tienes habilidades para la log\u00edstica y traslado de muebles y objetos, no dudes en enviarnos tu curr\u00edculum y formar parte de una empresa l\u00edder en el sector de las mudanzas en Lleida.[\/vc_column_text][\/vc_column_inner][\/vc_row_inner][vc_empty_space height=\u00bb40px\u00bb hide_on_mobile=\u00bb\u00bb][vc_tta_accordion title_tag=\u00bbh5&#8243; section_title_tag=\u00bbh5&#8243; style=\u00bbmodern\u00bb c_icon=\u00bbtriangle\u00bb c_position=\u00bbright\u00bb active_section=\u00bb77777&#8243; collapsible_all=\u00bbtrue\u00bb][vc_tta_section title=\u00bb\u00a1\u00danete al equipo de Mudanzas Sabat\u00e9!\u00bb tab_id=\u00bb1686840177432-8e6826f4-32e5&#8243;]\n<div class=\"wpcf7 no-js\" id=\"wpcf7-f2389-o1\" lang=\"en-US\" dir=\"ltr\">\n<div class=\"screen-reader-response\"><p role=\"status\" aria-live=\"polite\" aria-atomic=\"true\"><\/p> <ul><\/ul><\/div>\n<form action=\"\/es\/wp-json\/wp\/v2\/pages\/1591#wpcf7-f2389-o1\" method=\"post\" class=\"wpcf7-form init\" aria-label=\"Contact form\" enctype=\"multipart\/form-data\" novalidate=\"novalidate\" data-status=\"init\">\n<div style=\"display: none;\">\n<input type=\"hidden\" name=\"_wpcf7\" value=\"2389\" \/>\n<input type=\"hidden\" name=\"_wpcf7_version\" value=\"5.8.5\" \/>\n<input type=\"hidden\" name=\"_wpcf7_locale\" value=\"en_US\" \/>\n<input type=\"hidden\" name=\"_wpcf7_unit_tag\" value=\"wpcf7-f2389-o1\" \/>\n<input type=\"hidden\" name=\"_wpcf7_container_post\" value=\"0\" \/>\n<input type=\"hidden\" name=\"_wpcf7_posted_data_hash\" value=\"\" \/>\n<input type=\"hidden\" name=\"_wpcf7_recaptcha_response\" value=\"\" \/>\n<\/div>\n<p><span class=\"wpcf7-form-control-wrap\" data-name=\"your-name\"><input size=\"40\" class=\"wpcf7-form-control wpcf7-text wpcf7-validates-as-required\" aria-required=\"true\" aria-invalid=\"false\" placeholder=\"Nombre y apellidos *\" value=\"\" type=\"text\" name=\"your-name\" \/><\/span><br \/>\n<span class=\"wpcf7-form-control-wrap\" data-name=\"your-telefon\"><input size=\"40\" class=\"wpcf7-form-control wpcf7-text wpcf7-validates-as-required\" aria-required=\"true\" aria-invalid=\"false\" placeholder=\"Tel\u00e9fono *\" value=\"\" type=\"text\" name=\"your-telefon\" \/><\/span><br \/>\n<span class=\"wpcf7-form-control-wrap\" data-name=\"your-email\"><input size=\"40\" class=\"wpcf7-form-control wpcf7-text wpcf7-validates-as-required\" aria-required=\"true\" aria-invalid=\"false\" placeholder=\"Email *\" value=\"\" type=\"text\" name=\"your-email\" \/><\/span>\n<\/p>\n<p>Adjunta el teu CV (PDF 4MB m\u00e1ximo)\n<\/p>\n<p><span class=\"wpcf7-form-control-wrap\" data-name=\"cv\"><input size=\"40\" class=\"wpcf7-form-control wpcf7-file wpcf7-validates-as-required\" accept=\".pdf\" aria-required=\"true\" aria-invalid=\"false\" type=\"file\" name=\"cv\" \/><\/span><br \/>\n<span class=\"wpcf7-form-control-wrap\" data-name=\"your-comment\"><textarea cols=\"40\" rows=\"10\" class=\"wpcf7-form-control wpcf7-textarea\" aria-invalid=\"false\" placeholder=\"Comentarios\" name=\"your-comment\"><\/textarea><\/span>\n<\/p>\n<p style=\"font-size:13px;line-height:13px;\"><br \/>\nTratamos la informaci\u00f3n que nos facilita para gestionar su solicitud de informaci\u00f3n sobre nuestros servicios, basados en el consentimiento. Nos pondremos en contacto con usted por cualquiera de los siguientes medios: postal, correo electr\u00f3nico o tel\u00e9fono. Los datos proporcionados se conservar\u00e1n mientras se mantenga la actividad relacionada con el servicio solicitado. Los datos no se ceder\u00e1n a terceros, salvo en los casos en los que exista una obligaci\u00f3n legal. Tiene derecho a obtener confirmaci\u00f3n sobre si en MUDANCES SABAT\u00c9 estamos tratando sus datos personales, por tanto, tiene derecho a acceder a sus datos personales, solicitar su supresi\u00f3n cuando ya no sean necesarios, as\u00ed como a solicitar la rectificaci\u00f3n de los datos inexactos.\n<\/p>\n<p><br clear=\"all\" \/>\n<\/p>\n<p><span class=\"wpcf7-form-control-wrap\" data-name=\"RGPD\"><span class=\"wpcf7-form-control wpcf7-acceptance\"><span class=\"wpcf7-list-item\"><label><input type=\"checkbox\" name=\"RGPD\" value=\"1\" aria-invalid=\"false\" \/><span class=\"wpcf7-list-item-label\">He leido y acepto la <a href=\"\/es\/politica-de-privacidad\">pol\u00edtica de privacidad<\/a>.<\/span><\/label><\/span><\/span><\/span><br \/>\n<input class=\"wpcf7-form-control wpcf7-submit has-spinner\" type=\"submit\" value=\"Enviar mensaje\" \/>\n<\/p><div class=\"wpcf7-response-output\" aria-hidden=\"true\"><\/div>\n<\/form>\n<\/div>\n[vc_column_text][\/vc_column_text][\/vc_tta_section][\/vc_tta_accordion][\/vc_column][vc_column width=\u00bb1\/6&#8243;][\/vc_column][\/vc_row]<\/p>\n<\/div>","protected":false},"excerpt":{"rendered":"<p>[vc_row full_width=\u00bbstretch_row\u00bb css=\u00bb.vc_custom_1688565140704{padding-top: 7.1rem !important;padding-bottom: 5.1rem !important;background-image: url(https:\/\/mudancessabate.com\/wp-content\/uploads\/2023\/07\/slider-sobre-nosotros-final.jpg?id=2006) !important;background-position: center !important;background-repeat: no-repeat !important;background-size: cover !important;}\u00bb][vc_column width=\u00bb1\/2&#8243; offset=\u00bbvc_col-lg-6 vc_col-md-6 vc_hidden-sm\u00bb][\/vc_column][vc_column offset=\u00bbvc_col-lg-6 vc_col-md-6 vc_col-xs-12&#8243;][vc_column_text css=\u00bb.vc_custom_1688659023855{margin-bottom: 2.5rem !important;}\u00bb] Mudamos tu vida Somos Mudanzas Sabat\u00e9, una empresa especializada en servicios de mudanzas para particulares y empresas. Con amplia experiencia en el sector, ofrecemos servicios de mudanzas locales, nacionales e internacionales, as\u00ed como servicios de&hellip;<\/p>\n","protected":false},"author":1,"featured_media":0,"parent":0,"menu_order":200,"comment_status":"closed","ping_status":"closed","template":"","meta":{"footnotes":"","_joinchat":[]},"yoast_head":"<!-- This site is optimized with the Yoast SEO plugin v21.8 - https:\/\/yoast.com\/wordpress\/plugins\/seo\/ -->\n<title>Sobre nosotros - Mudances Sabat\u00e9<\/title>\n<meta name=\"robots\" content=\"index, follow, max-snippet:-1, max-image-preview:large, max-video-preview:-1\" \/>\n<link rel=\"canonical\" href=\"https:\/\/mudancessabate.com\/es\/sobre-nosotros\/\" \/>\n<meta property=\"og:locale\" content=\"es_ES\" \/>\n<meta property=\"og:type\" content=\"article\" \/>\n<meta property=\"og:title\" content=\"Sobre nosotros - Mudances Sabat\u00e9\" \/>\n<meta property=\"og:description\" content=\"[vc_row full_width=\u00bbstretch_row\u00bb css=\u00bb.vc_custom_1688565140704{padding-top: 7.1rem !important;padding-bottom: 5.1rem !important;background-image: url(https:\/\/mudancessabate.com\/wp-content\/uploads\/2023\/07\/slider-sobre-nosotros-final.jpg?id=2006) !important;background-position: center !important;background-repeat: no-repeat !important;background-size: cover !important;}\u00bb][vc_column width=\u00bb1\/2&#8243; offset=\u00bbvc_col-lg-6 vc_col-md-6 vc_hidden-sm\u00bb][\/vc_column][vc_column offset=\u00bbvc_col-lg-6 vc_col-md-6 vc_col-xs-12&#8243;][vc_column_text css=\u00bb.vc_custom_1688659023855{margin-bottom: 2.5rem !important;}\u00bb] Mudamos tu vida Somos Mudanzas Sabat\u00e9, una empresa especializada en servicios de mudanzas para particulares y empresas. Con amplia experiencia en el sector, ofrecemos servicios de mudanzas locales, nacionales e internacionales, as\u00ed como servicios de&hellip;\" \/>\n<meta property=\"og:url\" content=\"https:\/\/mudancessabate.com\/es\/sobre-nosotros\/\" \/>\n<meta property=\"og:site_name\" content=\"Mudances Sabat\u00e9\" \/>\n<meta property=\"article:modified_time\" content=\"2023-07-06T16:05:14+00:00\" \/>\n<meta name=\"twitter:card\" content=\"summary_large_image\" \/>\n<meta name=\"twitter:label1\" content=\"Tiempo de lectura\" \/>\n\t<meta name=\"twitter:data1\" content=\"4 minutos\" \/>\n<script type=\"application\/ld+json\" class=\"yoast-schema-graph\">{\"@context\":\"https:\/\/schema.org\",\"@graph\":[{\"@type\":\"WebPage\",\"@id\":\"https:\/\/mudancessabate.com\/es\/sobre-nosotros\/\",\"url\":\"https:\/\/mudancessabate.com\/es\/sobre-nosotros\/\",\"name\":\"Sobre nosotros - Mudances Sabat\u00e9\",\"isPartOf\":{\"@id\":\"https:\/\/mudancessabate.com\/es\/#website\"},\"datePublished\":\"2017-02-12T16:08:50+00:00\",\"dateModified\":\"2023-07-06T16:05:14+00:00\",\"breadcrumb\":{\"@id\":\"https:\/\/mudancessabate.com\/es\/sobre-nosotros\/#breadcrumb\"},\"inLanguage\":\"es\",\"potentialAction\":[{\"@type\":\"ReadAction\",\"target\":[\"https:\/\/mudancessabate.com\/es\/sobre-nosotros\/\"]}]},{\"@type\":\"BreadcrumbList\",\"@id\":\"https:\/\/mudancessabate.com\/es\/sobre-nosotros\/#breadcrumb\",\"itemListElement\":[{\"@type\":\"ListItem\",\"position\":1,\"name\":\"Inici\",\"item\":\"https:\/\/mudancessabate.com\/es\/\"},{\"@type\":\"ListItem\",\"position\":2,\"name\":\"Sobre nosotros\"}]},{\"@type\":\"WebSite\",\"@id\":\"https:\/\/mudancessabate.com\/es\/#website\",\"url\":\"https:\/\/mudancessabate.com\/es\/\",\"name\":\"Mudances Sabat\u00e9\",\"description\":\"Mudem la Teva Vida\",\"publisher\":{\"@id\":\"https:\/\/mudancessabate.com\/es\/#organization\"},\"potentialAction\":[{\"@type\":\"SearchAction\",\"target\":{\"@type\":\"EntryPoint\",\"urlTemplate\":\"https:\/\/mudancessabate.com\/es\/?s={search_term_string}\"},\"query-input\":\"required name=search_term_string\"}],\"inLanguage\":\"es\"},{\"@type\":\"Organization\",\"@id\":\"https:\/\/mudancessabate.com\/es\/#organization\",\"name\":\"Mudances Sabat\u00e9\",\"url\":\"https:\/\/mudancessabate.com\/es\/\",\"logo\":{\"@type\":\"ImageObject\",\"inLanguage\":\"es\",\"@id\":\"https:\/\/mudancessabate.com\/es\/#\/schema\/logo\/image\/\",\"url\":\"\",\"contentUrl\":\"\",\"caption\":\"Mudances Sabat\u00e9\"},\"image\":{\"@id\":\"https:\/\/mudancessabate.com\/es\/#\/schema\/logo\/image\/\"}}]}<\/script>\n<!-- \/ Yoast SEO plugin. -->","yoast_head_json":{"title":"Sobre nosotros - Mudances Sabat\u00e9","robots":{"index":"index","follow":"follow","max-snippet":"max-snippet:-1","max-image-preview":"max-image-preview:large","max-video-preview":"max-video-preview:-1"},"canonical":"https:\/\/mudancessabate.com\/es\/sobre-nosotros\/","og_locale":"es_ES","og_type":"article","og_title":"Sobre nosotros - Mudances Sabat\u00e9","og_description":"[vc_row full_width=\u00bbstretch_row\u00bb css=\u00bb.vc_custom_1688565140704{padding-top: 7.1rem !important;padding-bottom: 5.1rem !important;background-image: url(https:\/\/mudancessabate.com\/wp-content\/uploads\/2023\/07\/slider-sobre-nosotros-final.jpg?id=2006) !important;background-position: center !important;background-repeat: no-repeat !important;background-size: cover !important;}\u00bb][vc_column width=\u00bb1\/2&#8243; offset=\u00bbvc_col-lg-6 vc_col-md-6 vc_hidden-sm\u00bb][\/vc_column][vc_column offset=\u00bbvc_col-lg-6 vc_col-md-6 vc_col-xs-12&#8243;][vc_column_text css=\u00bb.vc_custom_1688659023855{margin-bottom: 2.5rem !important;}\u00bb] Mudamos tu vida Somos Mudanzas Sabat\u00e9, una empresa especializada en servicios de mudanzas para particulares y empresas. Con amplia experiencia en el sector, ofrecemos servicios de mudanzas locales, nacionales e internacionales, as\u00ed como servicios de&hellip;","og_url":"https:\/\/mudancessabate.com\/es\/sobre-nosotros\/","og_site_name":"Mudances Sabat\u00e9","article_modified_time":"2023-07-06T16:05:14+00:00","twitter_card":"summary_large_image","twitter_misc":{"Tiempo de lectura":"4 minutos"},"schema":{"@context":"https:\/\/schema.org","@graph":[{"@type":"WebPage","@id":"https:\/\/mudancessabate.com\/es\/sobre-nosotros\/","url":"https:\/\/mudancessabate.com\/es\/sobre-nosotros\/","name":"Sobre nosotros - Mudances Sabat\u00e9","isPartOf":{"@id":"https:\/\/mudancessabate.com\/es\/#website"},"datePublished":"2017-02-12T16:08:50+00:00","dateModified":"2023-07-06T16:05:14+00:00","breadcrumb":{"@id":"https:\/\/mudancessabate.com\/es\/sobre-nosotros\/#breadcrumb"},"inLanguage":"es","potentialAction":[{"@type":"ReadAction","target":["https:\/\/mudancessabate.com\/es\/sobre-nosotros\/"]}]},{"@type":"BreadcrumbList","@id":"https:\/\/mudancessabate.com\/es\/sobre-nosotros\/#breadcrumb","itemListElement":[{"@type":"ListItem","position":1,"name":"Inici","item":"https:\/\/mudancessabate.com\/es\/"},{"@type":"ListItem","position":2,"name":"Sobre nosotros"}]},{"@type":"WebSite","@id":"https:\/\/mudancessabate.com\/es\/#website","url":"https:\/\/mudancessabate.com\/es\/","name":"Mudances Sabat\u00e9","description":"Mudem la Teva Vida","publisher":{"@id":"https:\/\/mudancessabate.com\/es\/#organization"},"potentialAction":[{"@type":"SearchAction","target":{"@type":"EntryPoint","urlTemplate":"https:\/\/mudancessabate.com\/es\/?s={search_term_string}"},"query-input":"required name=search_term_string"}],"inLanguage":"es"},{"@type":"Organization","@id":"https:\/\/mudancessabate.com\/es\/#organization","name":"Mudances Sabat\u00e9","url":"https:\/\/mudancessabate.com\/es\/","logo":{"@type":"ImageObject","inLanguage":"es","@id":"https:\/\/mudancessabate.com\/es\/#\/schema\/logo\/image\/","url":"","contentUrl":"","caption":"Mudances Sabat\u00e9"},"image":{"@id":"https:\/\/mudancessabate.com\/es\/#\/schema\/logo\/image\/"}}]}},"_links":{"self":[{"href":"https:\/\/mudancessabate.com\/es\/wp-json\/wp\/v2\/pages\/1591"}],"collection":[{"href":"https:\/\/mudancessabate.com\/es\/wp-json\/wp\/v2\/pages"}],"about":[{"href":"https:\/\/mudancessabate.com\/es\/wp-json\/wp\/v2\/types\/page"}],"author":[{"embeddable":true,"href":"https:\/\/mudancessabate.com\/es\/wp-json\/wp\/v2\/users\/1"}],"replies":[{"embeddable":true,"href":"https:\/\/mudancessabate.com\/es\/wp-json\/wp\/v2\/comments?post=1591"}],"version-history":[{"count":45,"href":"https:\/\/mudancessabate.com\/es\/wp-json\/wp\/v2\/pages\/1591\/revisions"}],"predecessor-version":[{"id":2433,"href":"https:\/\/mudancessabate.com\/es\/wp-json\/wp\/v2\/pages\/1591\/revisions\/2433"}],"wp:attachment":[{"href":"https:\/\/mudancessabate.com\/es\/wp-json\/wp\/v2\/media?parent=1591"}],"curies":[{"name":"wp","href":"https:\/\/api.w.org\/{rel}","templated":true}]}}