{"id":1653,"date":"2017-02-12T17:22:17","date_gmt":"2017-02-12T16:22:17","guid":{"rendered":"https:\/\/mudancessabate.panelserver.eu\/contacte\/"},"modified":"2023-07-06T18:13:36","modified_gmt":"2023-07-06T16:13:36","slug":"contacto","status":"publish","type":"page","link":"https:\/\/mudancessabate.com\/es\/contacto\/","title":{"rendered":"Contacto"},"content":{"rendered":"<div class=\"wpb-content-wrapper\"><p>[vc_row full_width=\u00bbstretch_row\u00bb css=\u00bb.vc_custom_1686842388295{padding-top: 7.1rem !important;padding-bottom: 5.1rem !important;background-image: url(https:\/\/mudancessabate.com\/wp-content\/uploads\/2023\/06\/slider-contacto2.jpg?id=1645) !important;background-position: center !important;background-repeat: no-repeat !important;background-size: cover !important;}\u00bb][vc_column width=\u00bb1\/2&#8243; offset=\u00bbvc_col-lg-6 vc_col-md-6 vc_hidden-sm\u00bb][\/vc_column][vc_column offset=\u00bbvc_col-lg-6 vc_col-md-6 vc_col-xs-12&#8243;][vc_column_text css=\u00bb.vc_custom_1688659986438{margin-bottom: 2.5rem !important;}\u00bb]<\/p>\n<h2>Contacta <span class=\"trx_addons_hover\">con nosotros<\/span><\/h2>\n<p><span style=\"font-weight: 400; color: #000;\"><strong>Nuestro equipo de expertos est\u00e1 a tu disposici\u00f3n para ayudarte en todo lo que necesites.<\/strong><\/span><\/p>\n<p><span style=\"font-weight: 400; color: #000;\">Cont\u00e1ctanos por tel\u00e9fono, correo electr\u00f3nico o rellenando el formulario de contacto.<\/span><\/p>\n<h3>Tel. (+34) 611 746 256<br \/>\n<span class=\"trx_addons_hover\">info@mudancessabate.com<\/span><\/h3>\n<p>[\/vc_column_text][\/vc_column][\/vc_row][vc_row full_width=\u00bbstretch_row\u00bb][vc_column width=\u00bb1\/6&#8243; css=\u00bb.vc_custom_1686826911686{padding-right: 3.5rem !important;}\u00bb][\/vc_column][vc_column width=\u00bb2\/3&#8243; css=\u00bb.vc_custom_1686814384098{padding-right: 32px !important;}\u00bb][vc_empty_space height=\u00bb40px\u00bb alter_height=\u00bbnone\u00bb hide_on_mobile=\u00bb\u00bb][vc_column_text]<strong style=\"color: #000;\">Si necesitas m\u00e1s informaci\u00f3n o quieres solicitar un presupuesto sin compromiso para tu mudanza, no dudes en ponerte en contacto con nosotros. <\/strong>[\/vc_column_text][vc_empty_space height=\u00bb40px\u00bb alter_height=\u00bbnone\u00bb hide_on_mobile=\u00bb\u00bb]\n<div class=\"wpcf7 no-js\" id=\"wpcf7-f2385-o1\" lang=\"en-US\" dir=\"ltr\">\n<div class=\"screen-reader-response\"><p role=\"status\" aria-live=\"polite\" aria-atomic=\"true\"><\/p> <ul><\/ul><\/div>\n<form action=\"\/es\/wp-json\/wp\/v2\/pages\/1653#wpcf7-f2385-o1\" method=\"post\" class=\"wpcf7-form init\" aria-label=\"Contact form\" novalidate=\"novalidate\" data-status=\"init\">\n<div style=\"display: none;\">\n<input type=\"hidden\" name=\"_wpcf7\" value=\"2385\" \/>\n<input type=\"hidden\" name=\"_wpcf7_version\" value=\"5.8.5\" \/>\n<input type=\"hidden\" name=\"_wpcf7_locale\" value=\"en_US\" \/>\n<input type=\"hidden\" name=\"_wpcf7_unit_tag\" value=\"wpcf7-f2385-o1\" \/>\n<input type=\"hidden\" name=\"_wpcf7_container_post\" value=\"0\" \/>\n<input type=\"hidden\" name=\"_wpcf7_posted_data_hash\" value=\"\" \/>\n<input type=\"hidden\" name=\"_wpcf7_recaptcha_response\" value=\"\" \/>\n<\/div>\n<p><span class=\"wpcf7-form-control-wrap\" data-name=\"your-name\"><input size=\"40\" class=\"wpcf7-form-control wpcf7-text wpcf7-validates-as-required\" aria-required=\"true\" aria-invalid=\"false\" placeholder=\"Nombre y apellidos *\" value=\"\" type=\"text\" name=\"your-name\" \/><\/span><br \/>\n<span class=\"wpcf7-form-control-wrap\" data-name=\"your-empresa\"><input size=\"40\" class=\"wpcf7-form-control wpcf7-text wpcf7-validates-as-required\" aria-required=\"true\" aria-invalid=\"false\" placeholder=\"Empresa\" value=\"\" type=\"text\" name=\"your-empresa\" \/><\/span><br \/>\n<span class=\"wpcf7-form-control-wrap\" data-name=\"your-localitat\"><input size=\"40\" class=\"wpcf7-form-control wpcf7-text wpcf7-validates-as-required\" aria-required=\"true\" aria-invalid=\"false\" placeholder=\"Localidad\" value=\"\" type=\"text\" name=\"your-localitat\" \/><\/span><br \/>\n<span class=\"wpcf7-form-control-wrap\" data-name=\"your-pais\"><input size=\"40\" class=\"wpcf7-form-control wpcf7-text wpcf7-validates-as-required\" aria-required=\"true\" aria-invalid=\"false\" placeholder=\"Pais\" value=\"\" type=\"text\" name=\"your-pais\" \/><\/span><br \/>\n<span class=\"wpcf7-form-control-wrap\" data-name=\"your-telefon\"><input size=\"40\" class=\"wpcf7-form-control wpcf7-text wpcf7-validates-as-required\" aria-required=\"true\" aria-invalid=\"false\" placeholder=\"Tel\u00e9fono*\" value=\"\" type=\"text\" name=\"your-telefon\" \/><\/span><br \/>\n<span class=\"wpcf7-form-control-wrap\" data-name=\"your-horari\"><input size=\"40\" class=\"wpcf7-form-control wpcf7-text wpcf7-validates-as-required\" aria-required=\"true\" aria-invalid=\"false\" placeholder=\"Horario preferido\" value=\"\" type=\"text\" name=\"your-horari\" \/><\/span><br \/>\n<span class=\"wpcf7-form-control-wrap\" data-name=\"your-email\"><input size=\"40\" class=\"wpcf7-form-control wpcf7-text wpcf7-validates-as-required\" aria-required=\"true\" aria-invalid=\"false\" placeholder=\"Email\" value=\"\" type=\"text\" name=\"your-email\" \/><\/span><br \/>\n<span class=\"wpcf7-form-control-wrap\" data-name=\"your-comment\"><textarea cols=\"40\" rows=\"10\" class=\"wpcf7-form-control wpcf7-textarea\" aria-invalid=\"false\" placeholder=\"Comentarios\" name=\"your-comment\"><\/textarea><\/span>\n<\/p>\n<p style=\"font-size:13px;line-height:13px;\"><br \/>\nTratamos la informaci\u00f3n que nos facilita para gestionar su solicitud de informaci\u00f3n sobre nuestros servicios, basados en el consentimiento. Nos pondremos en contacto con usted por cualquiera de los siguientes medios: postal, correo electr\u00f3nico o tel\u00e9fono. Los datos proporcionados se conservar\u00e1n mientras se mantenga la actividad relacionada con el servicio solicitado. Los datos no se ceder\u00e1n a terceros, salvo en los casos en los que exista una obligaci\u00f3n legal. Tiene derecho a obtener confirmaci\u00f3n sobre si en MUDANCES SABAT\u00c9 estamos tratando sus datos personales, por tanto, tiene derecho a acceder a sus datos personales, solicitar su supresi\u00f3n cuando ya no sean necesarios, as\u00ed como a solicitar la rectificaci\u00f3n de los datos inexactos.\n<\/p>\n<p><br clear=\"all\" \/>\n<\/p>\n<p><span class=\"wpcf7-form-control-wrap\" data-name=\"RGPD\"><span class=\"wpcf7-form-control wpcf7-acceptance\"><span class=\"wpcf7-list-item\"><label><input type=\"checkbox\" name=\"RGPD\" value=\"1\" aria-invalid=\"false\" \/><span class=\"wpcf7-list-item-label\">He leido y acepto la <a href=\"\/es\/politica-de-privacidad\">pol\u00edtica de privacidad<\/a>.<\/span><\/label><\/span><\/span><\/span><br \/>\n<input class=\"wpcf7-form-control wpcf7-submit has-spinner\" type=\"submit\" value=\"Enviar mensaje\" \/>\n<\/p><div class=\"wpcf7-response-output\" aria-hidden=\"true\"><\/div>\n<\/form>\n<\/div>\n[vc_empty_space height=\u00bb40px\u00bb alter_height=\u00bbnone\u00bb hide_on_mobile=\u00bb\u00bb][\/vc_column][vc_column width=\u00bb1\/6&#8243;][\/vc_column][\/vc_row][vc_row disable_element=\u00bbyes\u00bb][vc_column width=\u00bb1\/6&#8243;][\/vc_column][vc_column width=\u00bb1\/4&#8243; css=\u00bb.vc_custom_1488966342041{margin-top: 2rem !important;}\u00bb][vc_single_image image=\u00bb459&#8243; img_size=\u00bb55&#215;45&#8243; alignment=\u00bbcenter\u00bb css=\u00bb.vc_custom_1488372417205{margin-bottom: 1rem !important;}\u00bb][vc_column_text]<\/p>\n<h3 class=\"trx_addons_no_margin\" style=\"text-align: center; font-weight: 500;\">Our Contacts<\/h3>\n<p>&nbsp;<\/p>\n<p style=\"text-align: center;\">New York, United States, NY<\/p>\n<p style=\"text-align: center;\"><a href=\"tel:+080055522\">0 800 555 22<\/a>, <a href=\"tel:+080066727\">0 800 667 27<\/a><\/p>\n<p style=\"text-align: center;\"><a href=\"mailto:adoption@info.com\">adoption@info.com<\/a><\/p>\n<p>[\/vc_column_text][\/vc_column][vc_column width=\u00bb1\/6&#8243;][\/vc_column][vc_column width=\u00bb1\/4&#8243; css=\u00bb.vc_custom_1488966346805{margin-top: 2rem !important;}\u00bb][vc_single_image image=\u00bb458&#8243; img_size=\u00bb55&#215;45&#8243; alignment=\u00bbcenter\u00bb css=\u00bb.vc_custom_1488372421266{margin-bottom: 1rem !important;}\u00bb][vc_column_text]<\/p>\n<h3 class=\"trx_addons_no_margin\" style=\"text-align: center; font-weight: 500;\">Our Newsletter<\/h3>\n<p style=\"text-align: center; font-size: 1.125rem; margin-top: -4px;\"><strong><em style=\"color: #82a1ad;\">Subscribe our news!<br \/>\n<\/em><\/strong><\/p>\n<p style=\"text-align: center;\"><script>(function() {\n\twindow.mc4wp = window.mc4wp || {\n\t\tlisteners: [],\n\t\tforms: {\n\t\t\ton: function(evt, cb) {\n\t\t\t\twindow.mc4wp.listeners.push(\n\t\t\t\t\t{\n\t\t\t\t\t\tevent   : evt,\n\t\t\t\t\t\tcallback: cb\n\t\t\t\t\t}\n\t\t\t\t);\n\t\t\t}\n\t\t}\n\t}\n})();\n<\/script><!-- Mailchimp for WordPress v4.9.11 - https:\/\/wordpress.org\/plugins\/mailchimp-for-wp\/ --><form id=\"mc4wp-form-1\" class=\"mc4wp-form mc4wp-form-471\" method=\"post\" data-id=\"471\" data-name=\"\" ><div class=\"mc4wp-form-fields\"><div>\n  \t<input type=\"email\" name=\"email\" placeholder=\"Your e-mail\" required \/>\n\t<span class=\"icon_button\"><input type=\"submit\" value=\"\"  \/><\/span>\n<\/div><\/div><label style=\"display: none !important;\">Deja vac\u00edo este campo si eres humano: <input type=\"text\" name=\"_mc4wp_honeypot\" value=\"\" tabindex=\"-1\" autocomplete=\"off\" \/><\/label><input type=\"hidden\" name=\"_mc4wp_timestamp\" value=\"1775552279\" \/><input type=\"hidden\" name=\"_mc4wp_form_id\" value=\"471\" \/><input type=\"hidden\" name=\"_mc4wp_form_element_id\" value=\"mc4wp-form-1\" \/><div class=\"mc4wp-response\"><\/div><\/form><!-- \/ Mailchimp for WordPress Plugin --><\/p>\n<p>[\/vc_column_text][\/vc_column][vc_column width=\u00bb1\/6&#8243;][\/vc_column][\/vc_row][vc_row full_width=\u00bbstretch_row_content_no_spaces\u00bb disable_element=\u00bbyes\u00bb][vc_column]<div id=\"sc_googlemap_1072005245_wrap\" class=\"sc_googlemap_wrap\"><div class=\"sc_googlemap_content_wrap\"><div id=\"sc_googlemap_1072005245\"\n\t\t\tclass=\"sc_googlemap sc_googlemap_default\"\n\t\t\t style=\"width:100%;height:683px;\"\t\t\tdata-zoom=\"14\"\n\t\t\tdata-style=\"dark\"\n\t\t\t><iframe\n                        src=\"https:\/\/maps.google.com\/maps?t=m&output=embed&iwloc=near&z=14&q=3+Brewster+Rd%2C+Newark%2C+NJ+07114\"\n                        scrolling=\"no\"\n                        marginheight=\"0\"\n                        marginwidth=\"0\"\n                        frameborder=\"0\"\n                        aria-label=\"One\"><\/iframe><\/div>\t\t\t<div class=\"sc_googlemap_content sc_googlemap_content_default\">[vc_single_image image=\u00bb459&#8243; img_size=\u00bb55&#215;45&#8243; alignment=\u00bbcenter\u00bb css=\u00bb.vc_custom_1488372380054{margin-top: 3rem !important;margin-bottom: 1rem !important;}\u00bb][vc_column_text]<\/p>\n<h3 class=\"trx_addons_no_margin\" style=\"text-align: center; font-weight: 500;\">Our Contacts<\/h3>\n<p>&nbsp;<\/p>\n<p style=\"text-align: center;\">New York, United States, NY<\/p>\n<p style=\"text-align: center;\"><a href=\"tel:080055522\">0 800 555 22<\/a>, <a href=\"tel:080066727\">0 800 667 27<\/a><\/p>\n<p style=\"text-align: center;\"><a href=\"mailto:adoption@info.com\">adoption@info.com<\/a><\/p>\n<p>[\/vc_column_text]<\/div>\n\t\t<\/div>\n\t\t<\/div><!-- \/.sc_googlemap_wrap -->[\/vc_column][\/vc_row]<\/p>\n<\/div>","protected":false},"excerpt":{"rendered":"<p>[vc_row full_width=\u00bbstretch_row\u00bb css=\u00bb.vc_custom_1686842388295{padding-top: 7.1rem !important;padding-bottom: 5.1rem !important;background-image: url(https:\/\/mudancessabate.com\/wp-content\/uploads\/2023\/06\/slider-contacto2.jpg?id=1645) !important;background-position: center !important;background-repeat: no-repeat !important;background-size: cover !important;}\u00bb][vc_column width=\u00bb1\/2&#8243; offset=\u00bbvc_col-lg-6 vc_col-md-6 vc_hidden-sm\u00bb][\/vc_column][vc_column offset=\u00bbvc_col-lg-6 vc_col-md-6 vc_col-xs-12&#8243;][vc_column_text css=\u00bb.vc_custom_1688659986438{margin-bottom: 2.5rem !important;}\u00bb] Contacta con nosotros Nuestro equipo de expertos est\u00e1 a tu disposici\u00f3n para ayudarte en todo lo que necesites. Cont\u00e1ctanos por tel\u00e9fono, correo electr\u00f3nico o rellenando el formulario de contacto. Tel. (+34) 611 746 256 info@mudancessabate.com&hellip;<\/p>\n","protected":false},"author":1,"featured_media":0,"parent":0,"menu_order":600,"comment_status":"closed","ping_status":"closed","template":"","meta":{"footnotes":"","_joinchat":[]},"yoast_head":"<!-- This site is optimized with the Yoast SEO plugin v21.8 - https:\/\/yoast.com\/wordpress\/plugins\/seo\/ -->\n<title>Contacto - Mudances Sabat\u00e9<\/title>\n<meta name=\"robots\" content=\"index, follow, max-snippet:-1, max-image-preview:large, max-video-preview:-1\" \/>\n<link rel=\"canonical\" href=\"https:\/\/mudancessabate.com\/es\/contacto\/\" \/>\n<meta property=\"og:locale\" content=\"es_ES\" \/>\n<meta property=\"og:type\" content=\"article\" \/>\n<meta property=\"og:title\" content=\"Contacto - Mudances Sabat\u00e9\" \/>\n<meta property=\"og:description\" content=\"[vc_row full_width=\u00bbstretch_row\u00bb css=\u00bb.vc_custom_1686842388295{padding-top: 7.1rem !important;padding-bottom: 5.1rem !important;background-image: url(https:\/\/mudancessabate.com\/wp-content\/uploads\/2023\/06\/slider-contacto2.jpg?id=1645) !important;background-position: center !important;background-repeat: no-repeat !important;background-size: cover !important;}\u00bb][vc_column width=\u00bb1\/2&#8243; offset=\u00bbvc_col-lg-6 vc_col-md-6 vc_hidden-sm\u00bb][\/vc_column][vc_column offset=\u00bbvc_col-lg-6 vc_col-md-6 vc_col-xs-12&#8243;][vc_column_text css=\u00bb.vc_custom_1688659986438{margin-bottom: 2.5rem !important;}\u00bb] Contacta con nosotros Nuestro equipo de expertos est\u00e1 a tu disposici\u00f3n para ayudarte en todo lo que necesites. Cont\u00e1ctanos por tel\u00e9fono, correo electr\u00f3nico o rellenando el formulario de contacto. Tel. (+34) 611 746 256 info@mudancessabate.com&hellip;\" \/>\n<meta property=\"og:url\" content=\"https:\/\/mudancessabate.com\/es\/contacto\/\" \/>\n<meta property=\"og:site_name\" content=\"Mudances Sabat\u00e9\" \/>\n<meta property=\"article:modified_time\" content=\"2023-07-06T16:13:36+00:00\" \/>\n<meta name=\"twitter:card\" content=\"summary_large_image\" \/>\n<meta name=\"twitter:label1\" content=\"Tiempo de lectura\" \/>\n\t<meta name=\"twitter:data1\" content=\"2 minutos\" \/>\n<script type=\"application\/ld+json\" class=\"yoast-schema-graph\">{\"@context\":\"https:\/\/schema.org\",\"@graph\":[{\"@type\":\"WebPage\",\"@id\":\"https:\/\/mudancessabate.com\/es\/contacto\/\",\"url\":\"https:\/\/mudancessabate.com\/es\/contacto\/\",\"name\":\"Contacto - Mudances Sabat\u00e9\",\"isPartOf\":{\"@id\":\"https:\/\/mudancessabate.com\/es\/#website\"},\"datePublished\":\"2017-02-12T16:22:17+00:00\",\"dateModified\":\"2023-07-06T16:13:36+00:00\",\"breadcrumb\":{\"@id\":\"https:\/\/mudancessabate.com\/es\/contacto\/#breadcrumb\"},\"inLanguage\":\"es\",\"potentialAction\":[{\"@type\":\"ReadAction\",\"target\":[\"https:\/\/mudancessabate.com\/es\/contacto\/\"]}]},{\"@type\":\"BreadcrumbList\",\"@id\":\"https:\/\/mudancessabate.com\/es\/contacto\/#breadcrumb\",\"itemListElement\":[{\"@type\":\"ListItem\",\"position\":1,\"name\":\"Inici\",\"item\":\"https:\/\/mudancessabate.com\/es\/\"},{\"@type\":\"ListItem\",\"position\":2,\"name\":\"Contacto\"}]},{\"@type\":\"WebSite\",\"@id\":\"https:\/\/mudancessabate.com\/es\/#website\",\"url\":\"https:\/\/mudancessabate.com\/es\/\",\"name\":\"Mudances Sabat\u00e9\",\"description\":\"Mudem la Teva Vida\",\"publisher\":{\"@id\":\"https:\/\/mudancessabate.com\/es\/#organization\"},\"potentialAction\":[{\"@type\":\"SearchAction\",\"target\":{\"@type\":\"EntryPoint\",\"urlTemplate\":\"https:\/\/mudancessabate.com\/es\/?s={search_term_string}\"},\"query-input\":\"required name=search_term_string\"}],\"inLanguage\":\"es\"},{\"@type\":\"Organization\",\"@id\":\"https:\/\/mudancessabate.com\/es\/#organization\",\"name\":\"Mudances Sabat\u00e9\",\"url\":\"https:\/\/mudancessabate.com\/es\/\",\"logo\":{\"@type\":\"ImageObject\",\"inLanguage\":\"es\",\"@id\":\"https:\/\/mudancessabate.com\/es\/#\/schema\/logo\/image\/\",\"url\":\"\",\"contentUrl\":\"\",\"caption\":\"Mudances Sabat\u00e9\"},\"image\":{\"@id\":\"https:\/\/mudancessabate.com\/es\/#\/schema\/logo\/image\/\"}}]}<\/script>\n<!-- \/ Yoast SEO plugin. -->","yoast_head_json":{"title":"Contacto - Mudances Sabat\u00e9","robots":{"index":"index","follow":"follow","max-snippet":"max-snippet:-1","max-image-preview":"max-image-preview:large","max-video-preview":"max-video-preview:-1"},"canonical":"https:\/\/mudancessabate.com\/es\/contacto\/","og_locale":"es_ES","og_type":"article","og_title":"Contacto - Mudances Sabat\u00e9","og_description":"[vc_row full_width=\u00bbstretch_row\u00bb css=\u00bb.vc_custom_1686842388295{padding-top: 7.1rem !important;padding-bottom: 5.1rem !important;background-image: url(https:\/\/mudancessabate.com\/wp-content\/uploads\/2023\/06\/slider-contacto2.jpg?id=1645) !important;background-position: center !important;background-repeat: no-repeat !important;background-size: cover !important;}\u00bb][vc_column width=\u00bb1\/2&#8243; offset=\u00bbvc_col-lg-6 vc_col-md-6 vc_hidden-sm\u00bb][\/vc_column][vc_column offset=\u00bbvc_col-lg-6 vc_col-md-6 vc_col-xs-12&#8243;][vc_column_text css=\u00bb.vc_custom_1688659986438{margin-bottom: 2.5rem !important;}\u00bb] Contacta con nosotros Nuestro equipo de expertos est\u00e1 a tu disposici\u00f3n para ayudarte en todo lo que necesites. Cont\u00e1ctanos por tel\u00e9fono, correo electr\u00f3nico o rellenando el formulario de contacto. Tel. (+34) 611 746 256 info@mudancessabate.com&hellip;","og_url":"https:\/\/mudancessabate.com\/es\/contacto\/","og_site_name":"Mudances Sabat\u00e9","article_modified_time":"2023-07-06T16:13:36+00:00","twitter_card":"summary_large_image","twitter_misc":{"Tiempo de lectura":"2 minutos"},"schema":{"@context":"https:\/\/schema.org","@graph":[{"@type":"WebPage","@id":"https:\/\/mudancessabate.com\/es\/contacto\/","url":"https:\/\/mudancessabate.com\/es\/contacto\/","name":"Contacto - Mudances Sabat\u00e9","isPartOf":{"@id":"https:\/\/mudancessabate.com\/es\/#website"},"datePublished":"2017-02-12T16:22:17+00:00","dateModified":"2023-07-06T16:13:36+00:00","breadcrumb":{"@id":"https:\/\/mudancessabate.com\/es\/contacto\/#breadcrumb"},"inLanguage":"es","potentialAction":[{"@type":"ReadAction","target":["https:\/\/mudancessabate.com\/es\/contacto\/"]}]},{"@type":"BreadcrumbList","@id":"https:\/\/mudancessabate.com\/es\/contacto\/#breadcrumb","itemListElement":[{"@type":"ListItem","position":1,"name":"Inici","item":"https:\/\/mudancessabate.com\/es\/"},{"@type":"ListItem","position":2,"name":"Contacto"}]},{"@type":"WebSite","@id":"https:\/\/mudancessabate.com\/es\/#website","url":"https:\/\/mudancessabate.com\/es\/","name":"Mudances Sabat\u00e9","description":"Mudem la Teva Vida","publisher":{"@id":"https:\/\/mudancessabate.com\/es\/#organization"},"potentialAction":[{"@type":"SearchAction","target":{"@type":"EntryPoint","urlTemplate":"https:\/\/mudancessabate.com\/es\/?s={search_term_string}"},"query-input":"required name=search_term_string"}],"inLanguage":"es"},{"@type":"Organization","@id":"https:\/\/mudancessabate.com\/es\/#organization","name":"Mudances Sabat\u00e9","url":"https:\/\/mudancessabate.com\/es\/","logo":{"@type":"ImageObject","inLanguage":"es","@id":"https:\/\/mudancessabate.com\/es\/#\/schema\/logo\/image\/","url":"","contentUrl":"","caption":"Mudances Sabat\u00e9"},"image":{"@id":"https:\/\/mudancessabate.com\/es\/#\/schema\/logo\/image\/"}}]}},"_links":{"self":[{"href":"https:\/\/mudancessabate.com\/es\/wp-json\/wp\/v2\/pages\/1653"}],"collection":[{"href":"https:\/\/mudancessabate.com\/es\/wp-json\/wp\/v2\/pages"}],"about":[{"href":"https:\/\/mudancessabate.com\/es\/wp-json\/wp\/v2\/types\/page"}],"author":[{"embeddable":true,"href":"https:\/\/mudancessabate.com\/es\/wp-json\/wp\/v2\/users\/1"}],"replies":[{"embeddable":true,"href":"https:\/\/mudancessabate.com\/es\/wp-json\/wp\/v2\/comments?post=1653"}],"version-history":[{"count":11,"href":"https:\/\/mudancessabate.com\/es\/wp-json\/wp\/v2\/pages\/1653\/revisions"}],"predecessor-version":[{"id":2445,"href":"https:\/\/mudancessabate.com\/es\/wp-json\/wp\/v2\/pages\/1653\/revisions\/2445"}],"wp:attachment":[{"href":"https:\/\/mudancessabate.com\/es\/wp-json\/wp\/v2\/media?parent=1653"}],"curies":[{"name":"wp","href":"https:\/\/api.w.org\/{rel}","templated":true}]}}