{"id":1669,"date":"2017-01-18T14:43:38","date_gmt":"2017-01-18T13:43:38","guid":{"rendered":"https:\/\/mudancessabate.panelserver.eu\/inici\/"},"modified":"2024-01-12T19:06:27","modified_gmt":"2024-01-12T18:06:27","slug":"inici","status":"publish","type":"page","link":"https:\/\/mudancessabate.com\/es\/","title":{"rendered":"Inicio"},"content":{"rendered":"<div class=\"wpb-content-wrapper\"><p>[vc_row][vc_column][rev_slider_vc alias=\u00bbmudances-sabate-2024-en-1&#8243;][\/vc_column][\/vc_row][vc_row css=\u00bb.vc_custom_1688573060309{padding-top: 4rem !important;padding-bottom: 4.8rem !important;}\u00bb][vc_column width=\u00bb1\/3&#8243; css=\u00bb.vc_custom_1488365035861{padding-bottom: 2rem !important;}\u00bb][vc_single_image image=\u00bb2054&#8243; img_size=\u00bb406&#215;406&#8243; alignment=\u00bbcenter\u00bb][\/vc_column][vc_column width=\u00bb2\/3&#8243; css=\u00bb.vc_custom_1488365039769{padding-bottom: 2rem !important;}\u00bb][vc_tta_accordion c_icon=\u00bbtriangle\u00bb c_position=\u00bbright\u00bb active_section=\u00bb77777&#8243; collapsible_all=\u00bbtrue\u00bb][vc_tta_section title=\u00bbMudanzas y peque\u00f1os traslados\u00bb tab_id=\u00bb1487068989835-18dbbf43-682d652d-12dbf550-0aec\u00bb][vc_column_text]En <strong>Mudanzas Sabat\u00e9<\/strong> nos preocupamos por ofrecer un <strong>servicio de mudanzas<\/strong> de calidad y personalizado para cada cliente. Por ello, seguimos un proceso meticuloso para asegurarnos de que cada mudanza se realiza con \u00e9xito y sin contratiempos.[\/vc_column_text][\/vc_tta_section][vc_tta_section title=\u00bbEmbalaje y empaquetado\u00bb tab_id=\u00bb1688590190305-6d6cef6d-5b18&#8243;][vc_column_text]<span style=\"font-weight: 400;\">Nuestro servicio <strong>de embalaje y desembalaje<\/strong> te proporciona la tranquilidad de saber que tus objetos ser\u00e1n embalados con cuidado y transportados de forma segura. <\/span><\/p>\n<p><span style=\"font-weight: 400;\">Nuestro equipo profesional te ayudar\u00e1 a preparar tu mudanza, desde el <strong>desmontaje de los muebles<\/strong> hasta el embalaje y etiquetado de los objetos. <\/span><\/p>\n<p><span style=\"font-weight: 400;\">D\u00e9janos a nosotros el trabajo pesado y disfruta de tu mudanza sin preocupaciones.<\/span>[\/vc_column_text][\/vc_tta_section][vc_tta_section title=\u00bbGr\u00faa elevadora\u00bb tab_id=\u00bb1688622474708-e40218ff-a0ab\u00bb][vc_column_text]Cuando se trata de mudanzas, sabemos que el<strong> transporte de muebles grandes y pesados<\/strong> puede ser todo un reto.<\/p>\n<p>Con nuestra <strong>gr\u00faa elevadora<\/strong>, los muebles se trasladan con facilidad y precisi\u00f3n, sin importar su tama\u00f1o o peso. Desde sof\u00e1s y armarios hasta pianos y electrodom\u00e9sticos, nuestra gr\u00faa se encargar\u00e1 de cargarlos y descargarlos de manera segura y eficiente. Ninguna m\u00e1s preocupaciones por las esquinas estrechas o los espacios reducidos, ya que nuestra gr\u00faa est\u00e1 dise\u00f1ada para salirse de cualquier obst\u00e1culo y llevar tus muebles a su destino sin contratiempos.<\/p>\n<p>Adem\u00e1s de su funcionalidad excepcional, nuestra <strong>gr\u00faa elevadora<\/strong> cuenta con un equipo de profesionales altamente cualificados, que se encargar\u00e1n de operarla con destreza y cuidado. Su experiencia y conocimiento te dar\u00e1n la tranquilidad que necesitas durante todo el proceso de mudanza.<\/p>\n<p>Con nuestro servicio de<strong> alquiler de gr\u00faa elevadora de muebles<\/strong>, tu mudanza se convertir\u00e1 en una experiencia sin estr\u00e9s, r\u00e1pida y segura. Perm\u00edtanos ayudarte a hacer de este proceso un momento emocionante y sin preocupaciones.[\/vc_column_text][\/vc_tta_section][vc_tta_section title=\u00bbDesmontaje y montaje de mobiliario\u00bb tab_id=\u00bb1487068989845-8943fcd0-e5c3652d-12dbf550-0aec\u00bb][vc_column_text]<span style=\"font-weight: 400;\"><strong>Desmontar y montar mueble<\/strong>s puede ser una tarea dif\u00edcil y complicada, pero nuestro equipo de profesionales est\u00e1 aqu\u00ed para hacerlo por ti. Con nuestro servicio de <em>desmontaje y montaje de muebles<\/em>, podr\u00e1s asegurarte de que tus muebles ser\u00e1n trasladados de forma segura y sin da\u00f1os. <\/span><\/p>\n<p><span style=\"font-weight: 400;\">D\u00e9janos ocuparnos de los detalles y disfruta de tu nuevo hogar con tus muebles montados de nuevo.<\/span>[\/vc_column_text][\/vc_tta_section][vc_tta_section title=\u00bbGuardamuebles y Almacenamiento\u00bb tab_id=\u00bb1686839867936-9bb1baec-bb65652d-12dbf550-0aec\u00bb][vc_column_text]<span style=\"font-weight: 400;\">Si necesitas almacenar tus objetos durante un tiempo determinado, nuestro <strong>servicio de almacenamiento<\/strong> es la soluci\u00f3n perfecta para ti.<\/span><\/p>\n<p><span style=\"font-weight: 400;\"> Ofrecemos <strong>espacios de almacenamiento seguros<\/strong> y vigilados para garantizar la integridad de tus objetos. Con acceso f\u00e1cil y flexible, podr\u00e1s llegar a tus objetos cuando lo necesites. Con nuestro servicio de almacenamiento, podr\u00e1s dejar tus objetos en manos expertas y centrarte en lo que realmente importa: tu nuevo hogar.<\/span>[\/vc_column_text][\/vc_tta_section][vc_tta_section title=\u00bbVaciado de piso y gesti\u00f3n de residuos\u00bb tab_id=\u00bb1686849267381-64e4d411-4e5af550-0aec\u00bb][vc_column_text]<span style=\"font-weight: 400;\">Nuestro servicio de <strong>vaciado de piso y gesti\u00f3n de residuos (desecher\u00eda)<\/strong> te permite deshacerte de todo lo que ya no necesites y asegurarte de que los materiales sean tratados de forma responsable. <\/span><\/p>\n<p><span style=\"font-weight: 400;\">Nuestro equipo profesional te ayudar\u00e1 a <strong>retirar y transportar todos los materiales<\/strong> que quieras deshacerte, desde los muebles hasta los electrodom\u00e9sticos y otros materiales.<br \/>\n<\/span><span style=\"font-weight: 400;\"> Con nuestro <strong>servicio de gesti\u00f3n de residuos<\/strong>, podr\u00e1s estar seguro de que los materiales ser\u00e1n tratados y eliminados de forma sostenible y responsable.<\/span>[\/vc_column_text][\/vc_tta_section][\/vc_tta_accordion][\/vc_column][\/vc_row][vc_row full_width=\u00bbstretch_row_content\u00bb content_placement=\u00bbmiddle\u00bb parallax=\u00bbcontent-moving\u00bb css=\u00bb.vc_custom_1688590068501{padding-top: 12rem !important;padding-bottom: 12rem !important;background-image: url(https:\/\/mudancessabate.com\/wp-content\/uploads\/2017\/01\/slider-mudances-sabate.jpg?id=1528) !important;background-position: center;background-repeat: no-repeat !important;background-size: cover !important;}\u00bb][vc_column][vc_row_inner][vc_column_inner width=\u00bb1\/6&#8243;][\/vc_column_inner][vc_column_inner width=\u00bb2\/3&#8243;][vc_column_text css=\u00bb.vc_custom_1688590126093{margin-bottom: 4.6rem !important;}\u00bb]<\/p>\n<h2 style=\"text-align: center;\"><span style=\"color: #000;\">Necesitas <\/span><br \/>\n\u00bfun presupuesto <span class=\"trx_addons_hover\"><br \/>\npara tu mudanza?<\/span><\/h2>\n<p>[\/vc_column_text]<div class=\"sc_item_button sc_button_wrap sc_align_center\"><a href=\"https:\/\/mudancessabate.com\/es\/donde-trabajamos\/\" id=\"sc_button_257304646\" class=\"sc_button sc_button_default sc_button_size_normal sc_button_icon_left\"><span class=\"sc_button_text\"><span class=\"sc_button_title\">Solicitar presupuesto<\/span><\/span><!-- \/.sc_button_text --><\/a><!-- \/.sc_button --><\/div><!-- \/.sc_item_button -->[\/vc_column_inner][vc_column_inner width=\u00bb1\/6&#8243;][\/vc_column_inner][\/vc_row_inner][\/vc_column][\/vc_row][vc_row css=\u00bb.vc_custom_1686855145172{padding-top: 4rem !important;padding-bottom: 7.5rem !important;}\u00bb][vc_column icons_position=\u00bbleft\u00bb][vc_column_text css=\u00bb.vc_custom_1705079720426{margin-bottom: 3rem !important;}\u00bb]<\/p>\n<h6 class=\"trx_addons_no_margin\" style=\"text-align: center; font-weight: 500;\">Financiado por la Uni\u00f3n Europea-Next Generation EU<\/h6>\n<p>[\/vc_column_text][vc_row_inner][vc_column_inner width=\u00bb1\/3&#8243;][\/vc_column_inner][vc_column_inner width=\u00bb1\/3&#8243;][vc_single_image image=\u00bb2506&#8243; img_size=\u00bbfull\u00bb][\/vc_column_inner][vc_column_inner width=\u00bb1\/3&#8243;][\/vc_column_inner][\/vc_row_inner][\/vc_column][\/vc_row]<\/p>\n<\/div>","protected":false},"excerpt":{"rendered":"<p>[vc_row][vc_column][rev_slider_vc alias=\u00bbmudances-sabate-2024-en-1&#8243;][\/vc_column][\/vc_row][vc_row css=\u00bb.vc_custom_1688573060309{padding-top: 4rem !important;padding-bottom: 4.8rem !important;}\u00bb][vc_column width=\u00bb1\/3&#8243; css=\u00bb.vc_custom_1488365035861{padding-bottom: 2rem !important;}\u00bb][vc_single_image image=\u00bb2054&#8243; img_size=\u00bb406&#215;406&#8243; alignment=\u00bbcenter\u00bb][\/vc_column][vc_column width=\u00bb2\/3&#8243; css=\u00bb.vc_custom_1488365039769{padding-bottom: 2rem !important;}\u00bb][vc_tta_accordion c_icon=\u00bbtriangle\u00bb c_position=\u00bbright\u00bb active_section=\u00bb77777&#8243; collapsible_all=\u00bbtrue\u00bb][vc_tta_section title=\u00bbMudanzas y peque\u00f1os traslados\u00bb tab_id=\u00bb1487068989835-18dbbf43-682d652d-12dbf550-0aec\u00bb][vc_column_text]En Mudanzas Sabat\u00e9 nos preocupamos por ofrecer un servicio de mudanzas de calidad y personalizado para cada cliente. Por ello, seguimos un proceso meticuloso para asegurarnos de que cada mudanza se realiza con \u00e9xito&hellip;<\/p>\n","protected":false},"author":1,"featured_media":0,"parent":0,"menu_order":0,"comment_status":"closed","ping_status":"closed","template":"","meta":{"footnotes":"","_joinchat":[]},"yoast_head":"<!-- This site is optimized with the Yoast SEO plugin v21.8 - https:\/\/yoast.com\/wordpress\/plugins\/seo\/ -->\n<title>Inicio - Mudances Sabat\u00e9<\/title>\n<meta name=\"robots\" content=\"index, follow, max-snippet:-1, max-image-preview:large, max-video-preview:-1\" \/>\n<link rel=\"canonical\" href=\"https:\/\/mudancessabate.com\/es\/\" \/>\n<meta property=\"og:locale\" content=\"es_ES\" \/>\n<meta property=\"og:type\" content=\"article\" \/>\n<meta property=\"og:title\" content=\"Inicio - Mudances Sabat\u00e9\" \/>\n<meta property=\"og:description\" content=\"[vc_row][vc_column][rev_slider_vc alias=\u00bbmudances-sabate-2024-en-1&#8243;][\/vc_column][\/vc_row][vc_row css=\u00bb.vc_custom_1688573060309{padding-top: 4rem !important;padding-bottom: 4.8rem !important;}\u00bb][vc_column width=\u00bb1\/3&#8243; css=\u00bb.vc_custom_1488365035861{padding-bottom: 2rem !important;}\u00bb][vc_single_image image=\u00bb2054&#8243; img_size=\u00bb406&#215;406&#8243; alignment=\u00bbcenter\u00bb][\/vc_column][vc_column width=\u00bb2\/3&#8243; css=\u00bb.vc_custom_1488365039769{padding-bottom: 2rem !important;}\u00bb][vc_tta_accordion c_icon=\u00bbtriangle\u00bb c_position=\u00bbright\u00bb active_section=\u00bb77777&#8243; collapsible_all=\u00bbtrue\u00bb][vc_tta_section title=\u00bbMudanzas y peque\u00f1os traslados\u00bb tab_id=\u00bb1487068989835-18dbbf43-682d652d-12dbf550-0aec\u00bb][vc_column_text]En Mudanzas Sabat\u00e9 nos preocupamos por ofrecer un servicio de mudanzas de calidad y personalizado para cada cliente. Por ello, seguimos un proceso meticuloso para asegurarnos de que cada mudanza se realiza con \u00e9xito&hellip;\" \/>\n<meta property=\"og:url\" content=\"https:\/\/mudancessabate.com\/es\/\" \/>\n<meta property=\"og:site_name\" content=\"Mudances Sabat\u00e9\" \/>\n<meta property=\"article:modified_time\" content=\"2024-01-12T18:06:27+00:00\" \/>\n<meta name=\"twitter:card\" content=\"summary_large_image\" \/>\n<meta name=\"twitter:label1\" content=\"Tiempo de lectura\" \/>\n\t<meta name=\"twitter:data1\" content=\"4 minutos\" \/>\n<script type=\"application\/ld+json\" class=\"yoast-schema-graph\">{\"@context\":\"https:\/\/schema.org\",\"@graph\":[{\"@type\":\"WebPage\",\"@id\":\"https:\/\/mudancessabate.com\/es\/\",\"url\":\"https:\/\/mudancessabate.com\/es\/\",\"name\":\"Inicio - Mudances Sabat\u00e9\",\"isPartOf\":{\"@id\":\"https:\/\/mudancessabate.com\/es\/#website\"},\"datePublished\":\"2017-01-18T13:43:38+00:00\",\"dateModified\":\"2024-01-12T18:06:27+00:00\",\"breadcrumb\":{\"@id\":\"https:\/\/mudancessabate.com\/es\/#breadcrumb\"},\"inLanguage\":\"es\",\"potentialAction\":[{\"@type\":\"ReadAction\",\"target\":[\"https:\/\/mudancessabate.com\/es\/\"]}]},{\"@type\":\"BreadcrumbList\",\"@id\":\"https:\/\/mudancessabate.com\/es\/#breadcrumb\",\"itemListElement\":[{\"@type\":\"ListItem\",\"position\":1,\"name\":\"Inici\",\"item\":\"https:\/\/mudancessabate.com\/es\/\"},{\"@type\":\"ListItem\",\"position\":2,\"name\":\"Inicio\"}]},{\"@type\":\"WebSite\",\"@id\":\"https:\/\/mudancessabate.com\/es\/#website\",\"url\":\"https:\/\/mudancessabate.com\/es\/\",\"name\":\"Mudances Sabat\u00e9\",\"description\":\"Mudem la Teva Vida\",\"publisher\":{\"@id\":\"https:\/\/mudancessabate.com\/es\/#organization\"},\"potentialAction\":[{\"@type\":\"SearchAction\",\"target\":{\"@type\":\"EntryPoint\",\"urlTemplate\":\"https:\/\/mudancessabate.com\/es\/?s={search_term_string}\"},\"query-input\":\"required name=search_term_string\"}],\"inLanguage\":\"es\"},{\"@type\":\"Organization\",\"@id\":\"https:\/\/mudancessabate.com\/es\/#organization\",\"name\":\"Mudances Sabat\u00e9\",\"url\":\"https:\/\/mudancessabate.com\/es\/\",\"logo\":{\"@type\":\"ImageObject\",\"inLanguage\":\"es\",\"@id\":\"https:\/\/mudancessabate.com\/es\/#\/schema\/logo\/image\/\",\"url\":\"\",\"contentUrl\":\"\",\"caption\":\"Mudances Sabat\u00e9\"},\"image\":{\"@id\":\"https:\/\/mudancessabate.com\/es\/#\/schema\/logo\/image\/\"}}]}<\/script>\n<!-- \/ Yoast SEO plugin. -->","yoast_head_json":{"title":"Inicio - Mudances Sabat\u00e9","robots":{"index":"index","follow":"follow","max-snippet":"max-snippet:-1","max-image-preview":"max-image-preview:large","max-video-preview":"max-video-preview:-1"},"canonical":"https:\/\/mudancessabate.com\/es\/","og_locale":"es_ES","og_type":"article","og_title":"Inicio - Mudances Sabat\u00e9","og_description":"[vc_row][vc_column][rev_slider_vc alias=\u00bbmudances-sabate-2024-en-1&#8243;][\/vc_column][\/vc_row][vc_row css=\u00bb.vc_custom_1688573060309{padding-top: 4rem !important;padding-bottom: 4.8rem !important;}\u00bb][vc_column width=\u00bb1\/3&#8243; css=\u00bb.vc_custom_1488365035861{padding-bottom: 2rem !important;}\u00bb][vc_single_image image=\u00bb2054&#8243; img_size=\u00bb406&#215;406&#8243; alignment=\u00bbcenter\u00bb][\/vc_column][vc_column width=\u00bb2\/3&#8243; css=\u00bb.vc_custom_1488365039769{padding-bottom: 2rem !important;}\u00bb][vc_tta_accordion c_icon=\u00bbtriangle\u00bb c_position=\u00bbright\u00bb active_section=\u00bb77777&#8243; collapsible_all=\u00bbtrue\u00bb][vc_tta_section title=\u00bbMudanzas y peque\u00f1os traslados\u00bb tab_id=\u00bb1487068989835-18dbbf43-682d652d-12dbf550-0aec\u00bb][vc_column_text]En Mudanzas Sabat\u00e9 nos preocupamos por ofrecer un servicio de mudanzas de calidad y personalizado para cada cliente. Por ello, seguimos un proceso meticuloso para asegurarnos de que cada mudanza se realiza con \u00e9xito&hellip;","og_url":"https:\/\/mudancessabate.com\/es\/","og_site_name":"Mudances Sabat\u00e9","article_modified_time":"2024-01-12T18:06:27+00:00","twitter_card":"summary_large_image","twitter_misc":{"Tiempo de lectura":"4 minutos"},"schema":{"@context":"https:\/\/schema.org","@graph":[{"@type":"WebPage","@id":"https:\/\/mudancessabate.com\/es\/","url":"https:\/\/mudancessabate.com\/es\/","name":"Inicio - Mudances Sabat\u00e9","isPartOf":{"@id":"https:\/\/mudancessabate.com\/es\/#website"},"datePublished":"2017-01-18T13:43:38+00:00","dateModified":"2024-01-12T18:06:27+00:00","breadcrumb":{"@id":"https:\/\/mudancessabate.com\/es\/#breadcrumb"},"inLanguage":"es","potentialAction":[{"@type":"ReadAction","target":["https:\/\/mudancessabate.com\/es\/"]}]},{"@type":"BreadcrumbList","@id":"https:\/\/mudancessabate.com\/es\/#breadcrumb","itemListElement":[{"@type":"ListItem","position":1,"name":"Inici","item":"https:\/\/mudancessabate.com\/es\/"},{"@type":"ListItem","position":2,"name":"Inicio"}]},{"@type":"WebSite","@id":"https:\/\/mudancessabate.com\/es\/#website","url":"https:\/\/mudancessabate.com\/es\/","name":"Mudances Sabat\u00e9","description":"Mudem la Teva Vida","publisher":{"@id":"https:\/\/mudancessabate.com\/es\/#organization"},"potentialAction":[{"@type":"SearchAction","target":{"@type":"EntryPoint","urlTemplate":"https:\/\/mudancessabate.com\/es\/?s={search_term_string}"},"query-input":"required name=search_term_string"}],"inLanguage":"es"},{"@type":"Organization","@id":"https:\/\/mudancessabate.com\/es\/#organization","name":"Mudances Sabat\u00e9","url":"https:\/\/mudancessabate.com\/es\/","logo":{"@type":"ImageObject","inLanguage":"es","@id":"https:\/\/mudancessabate.com\/es\/#\/schema\/logo\/image\/","url":"","contentUrl":"","caption":"Mudances Sabat\u00e9"},"image":{"@id":"https:\/\/mudancessabate.com\/es\/#\/schema\/logo\/image\/"}}]}},"_links":{"self":[{"href":"https:\/\/mudancessabate.com\/es\/wp-json\/wp\/v2\/pages\/1669"}],"collection":[{"href":"https:\/\/mudancessabate.com\/es\/wp-json\/wp\/v2\/pages"}],"about":[{"href":"https:\/\/mudancessabate.com\/es\/wp-json\/wp\/v2\/types\/page"}],"author":[{"embeddable":true,"href":"https:\/\/mudancessabate.com\/es\/wp-json\/wp\/v2\/users\/1"}],"replies":[{"embeddable":true,"href":"https:\/\/mudancessabate.com\/es\/wp-json\/wp\/v2\/comments?post=1669"}],"version-history":[{"count":51,"href":"https:\/\/mudancessabate.com\/es\/wp-json\/wp\/v2\/pages\/1669\/revisions"}],"predecessor-version":[{"id":2530,"href":"https:\/\/mudancessabate.com\/es\/wp-json\/wp\/v2\/pages\/1669\/revisions\/2530"}],"wp:attachment":[{"href":"https:\/\/mudancessabate.com\/es\/wp-json\/wp\/v2\/media?parent=1669"}],"curies":[{"name":"wp","href":"https:\/\/api.w.org\/{rel}","templated":true}]}}