{"id":1685,"date":"2017-02-12T17:17:41","date_gmt":"2017-02-12T16:17:41","guid":{"rendered":"https:\/\/mudancessabate.panelserver.eu\/on-treballem\/"},"modified":"2024-01-12T18:34:56","modified_gmt":"2024-01-12T17:34:56","slug":"donde-trabajamos","status":"publish","type":"page","link":"https:\/\/mudancessabate.com\/es\/donde-trabajamos\/","title":{"rendered":"\u00bfD\u00f3nde trabajamos?"},"content":{"rendered":"<div class=\"wpb-content-wrapper\"><p>[vc_row full_width=\u00bbstretch_row\u00bb css=\u00bb.vc_custom_1686846992655{padding-top: 6.65rem !important;padding-bottom: 7.6rem !important;background-image: url(https:\/\/mudancessabate.com\/wp-content\/uploads\/2023\/06\/on-treballem-slider.jpg?id=1689) !important;background-position: center !important;background-repeat: no-repeat !important;background-size: cover !important;}\u00bb][vc_column width=\u00bb1\/2&#8243; offset=\u00bbvc_col-lg-5 vc_col-md-6 vc_col-xs-12&#8243;][vc_column_text css=\u00bb.vc_custom_1686845989325{margin-bottom: 2.5rem !important;}\u00bb]<\/p>\n<h2 class=\"sc_item_title sc_title_title sc_align_left sc_item_title_style_default sc_item_title_tag\">Trabajamos<br \/>\n<span class=\"trx_addons_hover\">en Espa\u00f1a<\/span> y Europa<\/h2>\n<p>[\/vc_column_text][vc_cta h2=\u00bb\u00bb color=\u00bbgrey\u00bb add_icon=\u00bbleft\u00bb i_icon_fontawesome=\u00bbicon-info\u00bb i_color=\u00bbwhite\u00bb i_background_style=\u00bbrounded-less\u00bb i_background_color=\u00bbcustom\u00bb i_link=\u00bburl:%2Fadoption%2F|target:%20_blank|\u00bb i_custom_background_color=\u00bb#f05f5a\u00bb]<\/p>\n<h6 class=\"trx_addons_no_margin\">Mundanzas en Lleida y Vielha<\/h6>\n<p><span class=\"trx_addons_hover\">Viviendas y oficinas<\/span>[\/vc_cta][vc_cta h2=\u00bb\u00bb color=\u00bbgrey\u00bb add_icon=\u00bbleft\u00bb i_icon_fontawesome=\u00bbicon-info\u00bb i_color=\u00bbwhite\u00bb i_background_style=\u00bbrounded-less\u00bb i_background_color=\u00bbcustom\u00bb i_link=\u00bburl:%2Fadoption%2F|target:%20_blank|\u00bb i_custom_background_color=\u00bb#9eb9c3&#8243;]<\/p>\n<h6 class=\"trx_addons_no_margin\">Servicios en el territorio Nacional<\/h6>\n<p><span class=\"trx_addons_hover\">Mudanzas completas y peque\u00f1os traslados<\/span>[\/vc_cta][vc_cta h2=\u00bb\u00bb color=\u00bbgrey\u00bb add_icon=\u00bbleft\u00bb i_icon_fontawesome=\u00bbicon-info\u00bb i_color=\u00bbwhite\u00bb i_background_style=\u00bbrounded-less\u00bb i_background_color=\u00bbcustom\u00bb i_link=\u00bburl:%2Fadoption%2F|target:%20_blank|\u00bb i_custom_background_color=\u00bb#1b7091&#8243;]<\/p>\n<h6 class=\"trx_addons_no_margin\">Puertos en toda Europa<\/h6>\n<p><span class=\"trx_addons_hover\">Traslado y puertos por carretera<\/span>[\/vc_cta][\/vc_column][vc_column width=\u00bb1\/2&#8243; offset=\u00bbvc_col-lg-7 vc_col-md-6 vc_col-xs-12&#8243;][\/vc_column][\/vc_row][vc_row css=\u00bb.vc_custom_1686845921157{padding-top: 7.1rem !important;padding-bottom: 7.1rem !important;}\u00bb][vc_column][vc_row_inner][vc_column_inner width=\u00bb1\/6&#8243;][\/vc_column_inner][vc_column_inner width=\u00bb2\/3&#8243;][vc_column_text css=\u00bb.vc_custom_1686847348160{margin-bottom: 4.6rem !important;}\u00bb]<\/p>\n<h2 class=\"sc_item_title sc_title_title sc_align_left sc_item_title_style_default\">Pide informaci\u00f3n<br \/>\n<span class=\"trx_addons_hover\">y presupuesto<\/span> sin compromiso.<\/h2>\n<p>[\/vc_column_text]\n<div class=\"wpcf7 no-js\" id=\"wpcf7-f2385-o1\" lang=\"en-US\" dir=\"ltr\">\n<div class=\"screen-reader-response\"><p role=\"status\" aria-live=\"polite\" aria-atomic=\"true\"><\/p> <ul><\/ul><\/div>\n<form action=\"\/es\/wp-json\/wp\/v2\/pages\/1685#wpcf7-f2385-o1\" method=\"post\" class=\"wpcf7-form init\" aria-label=\"Contact form\" novalidate=\"novalidate\" data-status=\"init\">\n<div style=\"display: none;\">\n<input type=\"hidden\" name=\"_wpcf7\" value=\"2385\" \/>\n<input type=\"hidden\" name=\"_wpcf7_version\" value=\"5.8.5\" \/>\n<input type=\"hidden\" name=\"_wpcf7_locale\" value=\"en_US\" \/>\n<input type=\"hidden\" name=\"_wpcf7_unit_tag\" value=\"wpcf7-f2385-o1\" \/>\n<input type=\"hidden\" name=\"_wpcf7_container_post\" value=\"0\" \/>\n<input type=\"hidden\" name=\"_wpcf7_posted_data_hash\" value=\"\" \/>\n<input type=\"hidden\" name=\"_wpcf7_recaptcha_response\" value=\"\" \/>\n<\/div>\n<p><span class=\"wpcf7-form-control-wrap\" data-name=\"your-name\"><input size=\"40\" class=\"wpcf7-form-control wpcf7-text wpcf7-validates-as-required\" aria-required=\"true\" aria-invalid=\"false\" placeholder=\"Nombre y apellidos *\" value=\"\" type=\"text\" name=\"your-name\" \/><\/span><br \/>\n<span class=\"wpcf7-form-control-wrap\" data-name=\"your-empresa\"><input size=\"40\" class=\"wpcf7-form-control wpcf7-text wpcf7-validates-as-required\" aria-required=\"true\" aria-invalid=\"false\" placeholder=\"Empresa\" value=\"\" type=\"text\" name=\"your-empresa\" \/><\/span><br \/>\n<span class=\"wpcf7-form-control-wrap\" data-name=\"your-localitat\"><input size=\"40\" class=\"wpcf7-form-control wpcf7-text wpcf7-validates-as-required\" aria-required=\"true\" aria-invalid=\"false\" placeholder=\"Localidad\" value=\"\" type=\"text\" name=\"your-localitat\" \/><\/span><br \/>\n<span class=\"wpcf7-form-control-wrap\" data-name=\"your-pais\"><input size=\"40\" class=\"wpcf7-form-control wpcf7-text wpcf7-validates-as-required\" aria-required=\"true\" aria-invalid=\"false\" placeholder=\"Pais\" value=\"\" type=\"text\" name=\"your-pais\" \/><\/span><br \/>\n<span class=\"wpcf7-form-control-wrap\" data-name=\"your-telefon\"><input size=\"40\" class=\"wpcf7-form-control wpcf7-text wpcf7-validates-as-required\" aria-required=\"true\" aria-invalid=\"false\" placeholder=\"Tel\u00e9fono*\" value=\"\" type=\"text\" name=\"your-telefon\" \/><\/span><br \/>\n<span class=\"wpcf7-form-control-wrap\" data-name=\"your-horari\"><input size=\"40\" class=\"wpcf7-form-control wpcf7-text wpcf7-validates-as-required\" aria-required=\"true\" aria-invalid=\"false\" placeholder=\"Horario preferido\" value=\"\" type=\"text\" name=\"your-horari\" \/><\/span><br \/>\n<span class=\"wpcf7-form-control-wrap\" data-name=\"your-email\"><input size=\"40\" class=\"wpcf7-form-control wpcf7-text wpcf7-validates-as-required\" aria-required=\"true\" aria-invalid=\"false\" placeholder=\"Email\" value=\"\" type=\"text\" name=\"your-email\" \/><\/span><br \/>\n<span class=\"wpcf7-form-control-wrap\" data-name=\"your-comment\"><textarea cols=\"40\" rows=\"10\" class=\"wpcf7-form-control wpcf7-textarea\" aria-invalid=\"false\" placeholder=\"Comentarios\" name=\"your-comment\"><\/textarea><\/span>\n<\/p>\n<p style=\"font-size:13px;line-height:13px;\"><br \/>\nTratamos la informaci\u00f3n que nos facilita para gestionar su solicitud de informaci\u00f3n sobre nuestros servicios, basados en el consentimiento. Nos pondremos en contacto con usted por cualquiera de los siguientes medios: postal, correo electr\u00f3nico o tel\u00e9fono. Los datos proporcionados se conservar\u00e1n mientras se mantenga la actividad relacionada con el servicio solicitado. Los datos no se ceder\u00e1n a terceros, salvo en los casos en los que exista una obligaci\u00f3n legal. Tiene derecho a obtener confirmaci\u00f3n sobre si en MUDANCES SABAT\u00c9 estamos tratando sus datos personales, por tanto, tiene derecho a acceder a sus datos personales, solicitar su supresi\u00f3n cuando ya no sean necesarios, as\u00ed como a solicitar la rectificaci\u00f3n de los datos inexactos.\n<\/p>\n<p><br clear=\"all\" \/>\n<\/p>\n<p><span class=\"wpcf7-form-control-wrap\" data-name=\"RGPD\"><span class=\"wpcf7-form-control wpcf7-acceptance\"><span class=\"wpcf7-list-item\"><label><input type=\"checkbox\" name=\"RGPD\" value=\"1\" aria-invalid=\"false\" \/><span class=\"wpcf7-list-item-label\">He leido y acepto la <a href=\"\/es\/politica-de-privacidad\">pol\u00edtica de privacidad<\/a>.<\/span><\/label><\/span><\/span><\/span><br \/>\n<input class=\"wpcf7-form-control wpcf7-submit has-spinner\" type=\"submit\" value=\"Enviar mensaje\" \/>\n<\/p><div class=\"wpcf7-response-output\" aria-hidden=\"true\"><\/div>\n<\/form>\n<\/div>\n[\/vc_column_inner][vc_column_inner width=\u00bb1\/6&#8243;][\/vc_column_inner][\/vc_row_inner][\/vc_column][\/vc_row][vc_row][vc_column][vc_empty_space height=\u00bb50px\u00bb hide_on_mobile=\u00bb\u00bb][\/vc_column][\/vc_row]<\/p>\n<\/div>","protected":false},"excerpt":{"rendered":"<p>[vc_row full_width=\u00bbstretch_row\u00bb css=\u00bb.vc_custom_1686846992655{padding-top: 6.65rem !important;padding-bottom: 7.6rem !important;background-image: url(https:\/\/mudancessabate.com\/wp-content\/uploads\/2023\/06\/on-treballem-slider.jpg?id=1689) !important;background-position: center !important;background-repeat: no-repeat !important;background-size: cover !important;}\u00bb][vc_column width=\u00bb1\/2&#8243; offset=\u00bbvc_col-lg-5 vc_col-md-6 vc_col-xs-12&#8243;][vc_column_text css=\u00bb.vc_custom_1686845989325{margin-bottom: 2.5rem !important;}\u00bb] Trabajamos en Espa\u00f1a y Europa [\/vc_column_text][vc_cta h2=\u00bb\u00bb color=\u00bbgrey\u00bb add_icon=\u00bbleft\u00bb i_icon_fontawesome=\u00bbicon-info\u00bb i_color=\u00bbwhite\u00bb i_background_style=\u00bbrounded-less\u00bb i_background_color=\u00bbcustom\u00bb i_link=\u00bburl:%2Fadoption%2F|target:%20_blank|\u00bb i_custom_background_color=\u00bb#f05f5a\u00bb] Mundanzas en Lleida y Vielha Viviendas y oficinas[\/vc_cta][vc_cta h2=\u00bb\u00bb color=\u00bbgrey\u00bb add_icon=\u00bbleft\u00bb i_icon_fontawesome=\u00bbicon-info\u00bb i_color=\u00bbwhite\u00bb i_background_style=\u00bbrounded-less\u00bb i_background_color=\u00bbcustom\u00bb i_link=\u00bburl:%2Fadoption%2F|target:%20_blank|\u00bb i_custom_background_color=\u00bb#9eb9c3&#8243;] Servicios en el territorio Nacional Mudanzas&hellip;<\/p>\n","protected":false},"author":1,"featured_media":0,"parent":0,"menu_order":700,"comment_status":"closed","ping_status":"closed","template":"","meta":{"footnotes":"","_joinchat":[]},"yoast_head":"<!-- This site is optimized with the Yoast SEO plugin v21.8 - https:\/\/yoast.com\/wordpress\/plugins\/seo\/ -->\n<title>\u00bfD\u00f3nde trabajamos? - Mudances Sabat\u00e9<\/title>\n<meta name=\"robots\" content=\"index, follow, max-snippet:-1, max-image-preview:large, max-video-preview:-1\" \/>\n<link rel=\"canonical\" href=\"https:\/\/mudancessabate.com\/es\/donde-trabajamos\/\" \/>\n<meta property=\"og:locale\" content=\"es_ES\" \/>\n<meta property=\"og:type\" content=\"article\" \/>\n<meta property=\"og:title\" content=\"\u00bfD\u00f3nde trabajamos? - Mudances Sabat\u00e9\" \/>\n<meta property=\"og:description\" content=\"[vc_row full_width=\u00bbstretch_row\u00bb css=\u00bb.vc_custom_1686846992655{padding-top: 6.65rem !important;padding-bottom: 7.6rem !important;background-image: url(https:\/\/mudancessabate.com\/wp-content\/uploads\/2023\/06\/on-treballem-slider.jpg?id=1689) !important;background-position: center !important;background-repeat: no-repeat !important;background-size: cover !important;}\u00bb][vc_column width=\u00bb1\/2&#8243; offset=\u00bbvc_col-lg-5 vc_col-md-6 vc_col-xs-12&#8243;][vc_column_text css=\u00bb.vc_custom_1686845989325{margin-bottom: 2.5rem !important;}\u00bb] Trabajamos en Espa\u00f1a y Europa [\/vc_column_text][vc_cta h2=\u00bb\u00bb color=\u00bbgrey\u00bb add_icon=\u00bbleft\u00bb i_icon_fontawesome=\u00bbicon-info\u00bb i_color=\u00bbwhite\u00bb i_background_style=\u00bbrounded-less\u00bb i_background_color=\u00bbcustom\u00bb i_link=\u00bburl:%2Fadoption%2F|target:%20_blank|\u00bb i_custom_background_color=\u00bb#f05f5a\u00bb] Mundanzas en Lleida y Vielha Viviendas y oficinas[\/vc_cta][vc_cta h2=\u00bb\u00bb color=\u00bbgrey\u00bb add_icon=\u00bbleft\u00bb i_icon_fontawesome=\u00bbicon-info\u00bb i_color=\u00bbwhite\u00bb i_background_style=\u00bbrounded-less\u00bb i_background_color=\u00bbcustom\u00bb i_link=\u00bburl:%2Fadoption%2F|target:%20_blank|\u00bb i_custom_background_color=\u00bb#9eb9c3&#8243;] Servicios en el territorio Nacional Mudanzas&hellip;\" \/>\n<meta property=\"og:url\" content=\"https:\/\/mudancessabate.com\/es\/donde-trabajamos\/\" \/>\n<meta property=\"og:site_name\" content=\"Mudances Sabat\u00e9\" \/>\n<meta property=\"article:modified_time\" content=\"2024-01-12T17:34:56+00:00\" \/>\n<meta name=\"twitter:card\" content=\"summary_large_image\" \/>\n<meta name=\"twitter:label1\" content=\"Tiempo de lectura\" \/>\n\t<meta name=\"twitter:data1\" content=\"1 minuto\" \/>\n<script type=\"application\/ld+json\" class=\"yoast-schema-graph\">{\"@context\":\"https:\/\/schema.org\",\"@graph\":[{\"@type\":\"WebPage\",\"@id\":\"https:\/\/mudancessabate.com\/es\/donde-trabajamos\/\",\"url\":\"https:\/\/mudancessabate.com\/es\/donde-trabajamos\/\",\"name\":\"\u00bfD\u00f3nde trabajamos? - Mudances Sabat\u00e9\",\"isPartOf\":{\"@id\":\"https:\/\/mudancessabate.com\/es\/#website\"},\"datePublished\":\"2017-02-12T16:17:41+00:00\",\"dateModified\":\"2024-01-12T17:34:56+00:00\",\"breadcrumb\":{\"@id\":\"https:\/\/mudancessabate.com\/es\/donde-trabajamos\/#breadcrumb\"},\"inLanguage\":\"es\",\"potentialAction\":[{\"@type\":\"ReadAction\",\"target\":[\"https:\/\/mudancessabate.com\/es\/donde-trabajamos\/\"]}]},{\"@type\":\"BreadcrumbList\",\"@id\":\"https:\/\/mudancessabate.com\/es\/donde-trabajamos\/#breadcrumb\",\"itemListElement\":[{\"@type\":\"ListItem\",\"position\":1,\"name\":\"Inici\",\"item\":\"https:\/\/mudancessabate.com\/es\/\"},{\"@type\":\"ListItem\",\"position\":2,\"name\":\"\u00bfD\u00f3nde trabajamos?\"}]},{\"@type\":\"WebSite\",\"@id\":\"https:\/\/mudancessabate.com\/es\/#website\",\"url\":\"https:\/\/mudancessabate.com\/es\/\",\"name\":\"Mudances Sabat\u00e9\",\"description\":\"Mudem la Teva Vida\",\"publisher\":{\"@id\":\"https:\/\/mudancessabate.com\/es\/#organization\"},\"potentialAction\":[{\"@type\":\"SearchAction\",\"target\":{\"@type\":\"EntryPoint\",\"urlTemplate\":\"https:\/\/mudancessabate.com\/es\/?s={search_term_string}\"},\"query-input\":\"required name=search_term_string\"}],\"inLanguage\":\"es\"},{\"@type\":\"Organization\",\"@id\":\"https:\/\/mudancessabate.com\/es\/#organization\",\"name\":\"Mudances Sabat\u00e9\",\"url\":\"https:\/\/mudancessabate.com\/es\/\",\"logo\":{\"@type\":\"ImageObject\",\"inLanguage\":\"es\",\"@id\":\"https:\/\/mudancessabate.com\/es\/#\/schema\/logo\/image\/\",\"url\":\"\",\"contentUrl\":\"\",\"caption\":\"Mudances Sabat\u00e9\"},\"image\":{\"@id\":\"https:\/\/mudancessabate.com\/es\/#\/schema\/logo\/image\/\"}}]}<\/script>\n<!-- \/ Yoast SEO plugin. -->","yoast_head_json":{"title":"\u00bfD\u00f3nde trabajamos? - Mudances Sabat\u00e9","robots":{"index":"index","follow":"follow","max-snippet":"max-snippet:-1","max-image-preview":"max-image-preview:large","max-video-preview":"max-video-preview:-1"},"canonical":"https:\/\/mudancessabate.com\/es\/donde-trabajamos\/","og_locale":"es_ES","og_type":"article","og_title":"\u00bfD\u00f3nde trabajamos? - Mudances Sabat\u00e9","og_description":"[vc_row full_width=\u00bbstretch_row\u00bb css=\u00bb.vc_custom_1686846992655{padding-top: 6.65rem !important;padding-bottom: 7.6rem !important;background-image: url(https:\/\/mudancessabate.com\/wp-content\/uploads\/2023\/06\/on-treballem-slider.jpg?id=1689) !important;background-position: center !important;background-repeat: no-repeat !important;background-size: cover !important;}\u00bb][vc_column width=\u00bb1\/2&#8243; offset=\u00bbvc_col-lg-5 vc_col-md-6 vc_col-xs-12&#8243;][vc_column_text css=\u00bb.vc_custom_1686845989325{margin-bottom: 2.5rem !important;}\u00bb] Trabajamos en Espa\u00f1a y Europa [\/vc_column_text][vc_cta h2=\u00bb\u00bb color=\u00bbgrey\u00bb add_icon=\u00bbleft\u00bb i_icon_fontawesome=\u00bbicon-info\u00bb i_color=\u00bbwhite\u00bb i_background_style=\u00bbrounded-less\u00bb i_background_color=\u00bbcustom\u00bb i_link=\u00bburl:%2Fadoption%2F|target:%20_blank|\u00bb i_custom_background_color=\u00bb#f05f5a\u00bb] Mundanzas en Lleida y Vielha Viviendas y oficinas[\/vc_cta][vc_cta h2=\u00bb\u00bb color=\u00bbgrey\u00bb add_icon=\u00bbleft\u00bb i_icon_fontawesome=\u00bbicon-info\u00bb i_color=\u00bbwhite\u00bb i_background_style=\u00bbrounded-less\u00bb i_background_color=\u00bbcustom\u00bb i_link=\u00bburl:%2Fadoption%2F|target:%20_blank|\u00bb i_custom_background_color=\u00bb#9eb9c3&#8243;] Servicios en el territorio Nacional Mudanzas&hellip;","og_url":"https:\/\/mudancessabate.com\/es\/donde-trabajamos\/","og_site_name":"Mudances Sabat\u00e9","article_modified_time":"2024-01-12T17:34:56+00:00","twitter_card":"summary_large_image","twitter_misc":{"Tiempo de lectura":"1 minuto"},"schema":{"@context":"https:\/\/schema.org","@graph":[{"@type":"WebPage","@id":"https:\/\/mudancessabate.com\/es\/donde-trabajamos\/","url":"https:\/\/mudancessabate.com\/es\/donde-trabajamos\/","name":"\u00bfD\u00f3nde trabajamos? - Mudances Sabat\u00e9","isPartOf":{"@id":"https:\/\/mudancessabate.com\/es\/#website"},"datePublished":"2017-02-12T16:17:41+00:00","dateModified":"2024-01-12T17:34:56+00:00","breadcrumb":{"@id":"https:\/\/mudancessabate.com\/es\/donde-trabajamos\/#breadcrumb"},"inLanguage":"es","potentialAction":[{"@type":"ReadAction","target":["https:\/\/mudancessabate.com\/es\/donde-trabajamos\/"]}]},{"@type":"BreadcrumbList","@id":"https:\/\/mudancessabate.com\/es\/donde-trabajamos\/#breadcrumb","itemListElement":[{"@type":"ListItem","position":1,"name":"Inici","item":"https:\/\/mudancessabate.com\/es\/"},{"@type":"ListItem","position":2,"name":"\u00bfD\u00f3nde trabajamos?"}]},{"@type":"WebSite","@id":"https:\/\/mudancessabate.com\/es\/#website","url":"https:\/\/mudancessabate.com\/es\/","name":"Mudances Sabat\u00e9","description":"Mudem la Teva Vida","publisher":{"@id":"https:\/\/mudancessabate.com\/es\/#organization"},"potentialAction":[{"@type":"SearchAction","target":{"@type":"EntryPoint","urlTemplate":"https:\/\/mudancessabate.com\/es\/?s={search_term_string}"},"query-input":"required name=search_term_string"}],"inLanguage":"es"},{"@type":"Organization","@id":"https:\/\/mudancessabate.com\/es\/#organization","name":"Mudances Sabat\u00e9","url":"https:\/\/mudancessabate.com\/es\/","logo":{"@type":"ImageObject","inLanguage":"es","@id":"https:\/\/mudancessabate.com\/es\/#\/schema\/logo\/image\/","url":"","contentUrl":"","caption":"Mudances Sabat\u00e9"},"image":{"@id":"https:\/\/mudancessabate.com\/es\/#\/schema\/logo\/image\/"}}]}},"_links":{"self":[{"href":"https:\/\/mudancessabate.com\/es\/wp-json\/wp\/v2\/pages\/1685"}],"collection":[{"href":"https:\/\/mudancessabate.com\/es\/wp-json\/wp\/v2\/pages"}],"about":[{"href":"https:\/\/mudancessabate.com\/es\/wp-json\/wp\/v2\/types\/page"}],"author":[{"embeddable":true,"href":"https:\/\/mudancessabate.com\/es\/wp-json\/wp\/v2\/users\/1"}],"replies":[{"embeddable":true,"href":"https:\/\/mudancessabate.com\/es\/wp-json\/wp\/v2\/comments?post=1685"}],"version-history":[{"count":20,"href":"https:\/\/mudancessabate.com\/es\/wp-json\/wp\/v2\/pages\/1685\/revisions"}],"predecessor-version":[{"id":2527,"href":"https:\/\/mudancessabate.com\/es\/wp-json\/wp\/v2\/pages\/1685\/revisions\/2527"}],"wp:attachment":[{"href":"https:\/\/mudancessabate.com\/es\/wp-json\/wp\/v2\/media?parent=1685"}],"curies":[{"name":"wp","href":"https:\/\/api.w.org\/{rel}","templated":true}]}}