{"id":1735,"date":"2023-06-15T12:24:49","date_gmt":"2023-06-15T10:24:49","guid":{"rendered":"https:\/\/mudancessabate.panelserver.eu\/mudances\/"},"modified":"2024-01-12T16:11:01","modified_gmt":"2024-01-12T15:11:01","slug":"mudances","status":"publish","type":"page","link":"https:\/\/mudancessabate.com\/es\/mudances\/","title":{"rendered":"Mudanzas"},"content":{"rendered":"<div class=\"wpb-content-wrapper\"><p>[vc_row full_width=\u00bbstretch_row\u00bb equal_height=\u00bbyes\u00bb css=\u00bb.vc_custom_1686848123692{padding-top: 8rem !important;padding-bottom: 8rem !important;background-image: url(https:\/\/mudancessabate.com\/wp-content\/uploads\/2023\/06\/slider-sobre-nosotros2.jpg?id=1586) !important;background-position: center !important;background-repeat: no-repeat !important;background-size: cover !important;}\u00bb][vc_column width=\u00bb1\/2&#8243; offset=\u00bbvc_col-lg-7 vc_col-md-6 vc_col-xs-12&#8243;][\/vc_column][vc_column width=\u00bb1\/2&#8243; offset=\u00bbvc_col-lg-5 vc_col-md-6 vc_col-xs-12&#8243;][vc_column_text css=\u00bb.vc_custom_1686847863900{margin-bottom: 2.5rem !important;}\u00bb]<\/p>\n<h2 class=\"sc_item_title sc_title_title sc_align_left sc_item_title_style_default sc_item_title_tag\">Mudanzas<br \/>\n<span class=\"trx_addons_hover\">y peque\u00f1os traslados<\/span> a Lleida y toda Europa<\/h2>\n<p>[\/vc_column_text][vc_cta h2=\u00bb\u00bb color=\u00bbgrey\u00bb add_icon=\u00bbleft\u00bb i_icon_fontawesome=\u00bbicon-info\u00bb i_color=\u00bbwhite\u00bb i_background_style=\u00bbrounded-less\u00bb i_background_color=\u00bbcustom\u00bb i_link=\u00bburl:%2Fadoption%2F|target:%20_blank|\u00bb i_custom_background_color=\u00bb#f05f5a\u00bb]<\/p>\n<h6 class=\"trx_addons_no_margin\">Mundanzas en Lleida y Vielha<\/h6>\n<p><span class=\"trx_addons_hover\">Viviendas y oficinas<\/span>[\/vc_cta][vc_cta h2=\u00bb\u00bb color=\u00bbgrey\u00bb add_icon=\u00bbleft\u00bb i_icon_fontawesome=\u00bbicon-info\u00bb i_color=\u00bbwhite\u00bb i_background_style=\u00bbrounded-less\u00bb i_background_color=\u00bbcustom\u00bb i_link=\u00bburl:%2Fadoption%2F|target:%20_blank|\u00bb i_custom_background_color=\u00bb#9eb9c3&#8243;]<\/p>\n<h6 class=\"trx_addons_no_margin\">Servicios en el territorio Nacional<\/h6>\n<p><span class=\"trx_addons_hover\">Mudanzas completas y peque\u00f1os traslados<\/span>[\/vc_cta][vc_cta h2=\u00bb\u00bb color=\u00bbgrey\u00bb add_icon=\u00bbleft\u00bb i_icon_fontawesome=\u00bbicon-info\u00bb i_color=\u00bbwhite\u00bb i_background_style=\u00bbrounded-less\u00bb i_background_color=\u00bbcustom\u00bb i_link=\u00bburl:%2Fadoption%2F|target:%20_blank|\u00bb i_custom_background_color=\u00bb#1b7091&#8243;]<\/p>\n<h6 class=\"trx_addons_no_margin\">Portes en toda Europa<\/h6>\n<p><span class=\"trx_addons_hover\">Traslado y portes por carretera<\/span>[\/vc_cta][\/vc_column][\/vc_row][vc_row css=\u00bb.vc_custom_1688589760391{padding-top: 7rem !important;padding-bottom: 2rem !important;}\u00bb][vc_column width=\u00bb1\/6&#8243; css=\u00bb.vc_custom_1488365035861{padding-bottom: 2rem !important;}\u00bb][\/vc_column][vc_column width=\u00bb2\/3&#8243; css=\u00bb.vc_custom_1488365039769{padding-bottom: 2rem !important;}\u00bb][vc_tta_accordion c_icon=\u00bbtriangle\u00bb c_position=\u00bbright\u00bb active_section=\u00bb1&#8243; collapsible_all=\u00bbtrue\u00bb el_id=\u00bb2323232&#8243;][vc_tta_section title=\u00bb\u00bfC\u00f3mo trabajamos?\u00bb tab_id=\u00bb1487068989845-8943fcd0-e5c3d1df-8d12&#8243;][vc_column_text]En Mudanzas Sabat\u00e9 nos preocupamos por ofrecer un servicio de mudanzas de calidad y personalizado para cada cliente. Por eso, seguimos un proceso meticuloso en tres pasos para asegurarnos de que cada mudanza se realiza con \u00e9xito y sin contratiempo.<\/p>\n<p>Nuestro proceso comienza con una<b>\u00a0visita al inmueble<\/b>\u00a0para evaluar las necesidades del cliente y elaborar un presupuesto personalizado. A continuaci\u00f3n, planificamos el embalaje y preparaci\u00f3n de los objetos para asegurarnos de que todo est\u00e9 en orden para el d\u00eda de la mudanza.<\/p>\n<p><b>El d\u00eda de la mudanza<\/b>, nuestro equipo de profesionales altamente cualificados y experimentados se desplaza hasta el inmueble para realizar la carga de los objetos y transportar -los cuidadosamente y eficacia hasta su nuevo destino.<\/p>\n<p>Una vez llegados al nuevo sitio, nuestros profesionales\u00a0<b>descargan los objetos<\/b>\u00a0con cuidado y<b>\u00a0los colocan seg\u00fan las indicaciones del cliente.<\/b>\u00a0Tambi\u00e9n ofrecemos servicios adicionales como el montaje y desmontaje de muebles, el desembalaje y retirada de residuos.<\/p>\n<p>En resumen, en Mudanzas Sabat\u00e9 trabajamos con profesionalidad, eficacia y cuidado para garantizar que cada mudanza se realiza sin problemas y con la satisfacci\u00f3n del cliente como principal objetivo.[\/vc_column_text][\/vc_tta_section][\/vc_tta_accordion][\/vc_column][vc_column width=\u00bb1\/6&#8243;][\/vc_column][\/vc_row][vc_row css=\u00bb.vc_custom_1686851842720{padding-top: 3rem !important;padding-bottom: 7.5rem !important;}\u00bb][vc_column]<div class=\"sc_item_button sc_button_wrap sc_align_center\"><a href=\"\/es\/servicios\" id=\"sc_button_1112648758\" class=\"sc_button sc_button_default sc_button_size_normal sc_button_icon_left\"><span class=\"sc_button_text\"><span class=\"sc_button_title\">Nuestros servicios<\/span><\/span><!-- \/.sc_button_text --><\/a><!-- \/.sc_button --><\/div><!-- \/.sc_item_button -->[\/vc_column][\/vc_row]<\/p>\n<\/div>","protected":false},"excerpt":{"rendered":"<p>[vc_row full_width=\u00bbstretch_row\u00bb equal_height=\u00bbyes\u00bb css=\u00bb.vc_custom_1686848123692{padding-top: 8rem !important;padding-bottom: 8rem !important;background-image: url(https:\/\/mudancessabate.com\/wp-content\/uploads\/2023\/06\/slider-sobre-nosotros2.jpg?id=1586) !important;background-position: center !important;background-repeat: no-repeat !important;background-size: cover !important;}\u00bb][vc_column width=\u00bb1\/2&#8243; offset=\u00bbvc_col-lg-7 vc_col-md-6 vc_col-xs-12&#8243;][\/vc_column][vc_column width=\u00bb1\/2&#8243; offset=\u00bbvc_col-lg-5 vc_col-md-6 vc_col-xs-12&#8243;][vc_column_text css=\u00bb.vc_custom_1686847863900{margin-bottom: 2.5rem !important;}\u00bb] Mudanzas y peque\u00f1os traslados a Lleida y toda Europa [\/vc_column_text][vc_cta h2=\u00bb\u00bb color=\u00bbgrey\u00bb add_icon=\u00bbleft\u00bb i_icon_fontawesome=\u00bbicon-info\u00bb i_color=\u00bbwhite\u00bb i_background_style=\u00bbrounded-less\u00bb i_background_color=\u00bbcustom\u00bb i_link=\u00bburl:%2Fadoption%2F|target:%20_blank|\u00bb i_custom_background_color=\u00bb#f05f5a\u00bb] Mundanzas en Lleida y Vielha Viviendas y oficinas[\/vc_cta][vc_cta h2=\u00bb\u00bb color=\u00bbgrey\u00bb add_icon=\u00bbleft\u00bb i_icon_fontawesome=\u00bbicon-info\u00bb i_color=\u00bbwhite\u00bb i_background_style=\u00bbrounded-less\u00bb&hellip;<\/p>\n","protected":false},"author":2,"featured_media":0,"parent":0,"menu_order":300,"comment_status":"closed","ping_status":"closed","template":"","meta":{"footnotes":"","_joinchat":[]},"yoast_head":"<!-- This site is optimized with the Yoast SEO plugin v21.8 - https:\/\/yoast.com\/wordpress\/plugins\/seo\/ -->\n<title>Mudanzas - Mudances Sabat\u00e9<\/title>\n<meta name=\"robots\" content=\"index, follow, max-snippet:-1, max-image-preview:large, max-video-preview:-1\" \/>\n<link rel=\"canonical\" href=\"https:\/\/mudancessabate.com\/es\/mudances\/\" \/>\n<meta property=\"og:locale\" content=\"es_ES\" \/>\n<meta property=\"og:type\" content=\"article\" \/>\n<meta property=\"og:title\" content=\"Mudanzas - Mudances Sabat\u00e9\" \/>\n<meta property=\"og:description\" content=\"[vc_row full_width=\u00bbstretch_row\u00bb equal_height=\u00bbyes\u00bb css=\u00bb.vc_custom_1686848123692{padding-top: 8rem !important;padding-bottom: 8rem !important;background-image: url(https:\/\/mudancessabate.com\/wp-content\/uploads\/2023\/06\/slider-sobre-nosotros2.jpg?id=1586) !important;background-position: center !important;background-repeat: no-repeat !important;background-size: cover !important;}\u00bb][vc_column width=\u00bb1\/2&#8243; offset=\u00bbvc_col-lg-7 vc_col-md-6 vc_col-xs-12&#8243;][\/vc_column][vc_column width=\u00bb1\/2&#8243; offset=\u00bbvc_col-lg-5 vc_col-md-6 vc_col-xs-12&#8243;][vc_column_text css=\u00bb.vc_custom_1686847863900{margin-bottom: 2.5rem !important;}\u00bb] Mudanzas y peque\u00f1os traslados a Lleida y toda Europa [\/vc_column_text][vc_cta h2=\u00bb\u00bb color=\u00bbgrey\u00bb add_icon=\u00bbleft\u00bb i_icon_fontawesome=\u00bbicon-info\u00bb i_color=\u00bbwhite\u00bb i_background_style=\u00bbrounded-less\u00bb i_background_color=\u00bbcustom\u00bb i_link=\u00bburl:%2Fadoption%2F|target:%20_blank|\u00bb i_custom_background_color=\u00bb#f05f5a\u00bb] Mundanzas en Lleida y Vielha Viviendas y oficinas[\/vc_cta][vc_cta h2=\u00bb\u00bb color=\u00bbgrey\u00bb add_icon=\u00bbleft\u00bb i_icon_fontawesome=\u00bbicon-info\u00bb i_color=\u00bbwhite\u00bb i_background_style=\u00bbrounded-less\u00bb&hellip;\" \/>\n<meta property=\"og:url\" content=\"https:\/\/mudancessabate.com\/es\/mudances\/\" \/>\n<meta property=\"og:site_name\" content=\"Mudances Sabat\u00e9\" \/>\n<meta property=\"article:modified_time\" content=\"2024-01-12T15:11:01+00:00\" \/>\n<meta name=\"twitter:card\" content=\"summary_large_image\" \/>\n<meta name=\"twitter:label1\" content=\"Tiempo de lectura\" \/>\n\t<meta name=\"twitter:data1\" content=\"2 minutos\" \/>\n<script type=\"application\/ld+json\" class=\"yoast-schema-graph\">{\"@context\":\"https:\/\/schema.org\",\"@graph\":[{\"@type\":\"WebPage\",\"@id\":\"https:\/\/mudancessabate.com\/es\/mudances\/\",\"url\":\"https:\/\/mudancessabate.com\/es\/mudances\/\",\"name\":\"Mudanzas - Mudances Sabat\u00e9\",\"isPartOf\":{\"@id\":\"https:\/\/mudancessabate.com\/es\/#website\"},\"datePublished\":\"2023-06-15T10:24:49+00:00\",\"dateModified\":\"2024-01-12T15:11:01+00:00\",\"breadcrumb\":{\"@id\":\"https:\/\/mudancessabate.com\/es\/mudances\/#breadcrumb\"},\"inLanguage\":\"es\",\"potentialAction\":[{\"@type\":\"ReadAction\",\"target\":[\"https:\/\/mudancessabate.com\/es\/mudances\/\"]}]},{\"@type\":\"BreadcrumbList\",\"@id\":\"https:\/\/mudancessabate.com\/es\/mudances\/#breadcrumb\",\"itemListElement\":[{\"@type\":\"ListItem\",\"position\":1,\"name\":\"Inici\",\"item\":\"https:\/\/mudancessabate.com\/es\/\"},{\"@type\":\"ListItem\",\"position\":2,\"name\":\"Mudanzas\"}]},{\"@type\":\"WebSite\",\"@id\":\"https:\/\/mudancessabate.com\/es\/#website\",\"url\":\"https:\/\/mudancessabate.com\/es\/\",\"name\":\"Mudances Sabat\u00e9\",\"description\":\"Mudem la Teva Vida\",\"publisher\":{\"@id\":\"https:\/\/mudancessabate.com\/es\/#organization\"},\"potentialAction\":[{\"@type\":\"SearchAction\",\"target\":{\"@type\":\"EntryPoint\",\"urlTemplate\":\"https:\/\/mudancessabate.com\/es\/?s={search_term_string}\"},\"query-input\":\"required name=search_term_string\"}],\"inLanguage\":\"es\"},{\"@type\":\"Organization\",\"@id\":\"https:\/\/mudancessabate.com\/es\/#organization\",\"name\":\"Mudances Sabat\u00e9\",\"url\":\"https:\/\/mudancessabate.com\/es\/\",\"logo\":{\"@type\":\"ImageObject\",\"inLanguage\":\"es\",\"@id\":\"https:\/\/mudancessabate.com\/es\/#\/schema\/logo\/image\/\",\"url\":\"\",\"contentUrl\":\"\",\"caption\":\"Mudances Sabat\u00e9\"},\"image\":{\"@id\":\"https:\/\/mudancessabate.com\/es\/#\/schema\/logo\/image\/\"}}]}<\/script>\n<!-- \/ Yoast SEO plugin. -->","yoast_head_json":{"title":"Mudanzas - Mudances Sabat\u00e9","robots":{"index":"index","follow":"follow","max-snippet":"max-snippet:-1","max-image-preview":"max-image-preview:large","max-video-preview":"max-video-preview:-1"},"canonical":"https:\/\/mudancessabate.com\/es\/mudances\/","og_locale":"es_ES","og_type":"article","og_title":"Mudanzas - Mudances Sabat\u00e9","og_description":"[vc_row full_width=\u00bbstretch_row\u00bb equal_height=\u00bbyes\u00bb css=\u00bb.vc_custom_1686848123692{padding-top: 8rem !important;padding-bottom: 8rem !important;background-image: url(https:\/\/mudancessabate.com\/wp-content\/uploads\/2023\/06\/slider-sobre-nosotros2.jpg?id=1586) !important;background-position: center !important;background-repeat: no-repeat !important;background-size: cover !important;}\u00bb][vc_column width=\u00bb1\/2&#8243; offset=\u00bbvc_col-lg-7 vc_col-md-6 vc_col-xs-12&#8243;][\/vc_column][vc_column width=\u00bb1\/2&#8243; offset=\u00bbvc_col-lg-5 vc_col-md-6 vc_col-xs-12&#8243;][vc_column_text css=\u00bb.vc_custom_1686847863900{margin-bottom: 2.5rem !important;}\u00bb] Mudanzas y peque\u00f1os traslados a Lleida y toda Europa [\/vc_column_text][vc_cta h2=\u00bb\u00bb color=\u00bbgrey\u00bb add_icon=\u00bbleft\u00bb i_icon_fontawesome=\u00bbicon-info\u00bb i_color=\u00bbwhite\u00bb i_background_style=\u00bbrounded-less\u00bb i_background_color=\u00bbcustom\u00bb i_link=\u00bburl:%2Fadoption%2F|target:%20_blank|\u00bb i_custom_background_color=\u00bb#f05f5a\u00bb] Mundanzas en Lleida y Vielha Viviendas y oficinas[\/vc_cta][vc_cta h2=\u00bb\u00bb color=\u00bbgrey\u00bb add_icon=\u00bbleft\u00bb i_icon_fontawesome=\u00bbicon-info\u00bb i_color=\u00bbwhite\u00bb i_background_style=\u00bbrounded-less\u00bb&hellip;","og_url":"https:\/\/mudancessabate.com\/es\/mudances\/","og_site_name":"Mudances Sabat\u00e9","article_modified_time":"2024-01-12T15:11:01+00:00","twitter_card":"summary_large_image","twitter_misc":{"Tiempo de lectura":"2 minutos"},"schema":{"@context":"https:\/\/schema.org","@graph":[{"@type":"WebPage","@id":"https:\/\/mudancessabate.com\/es\/mudances\/","url":"https:\/\/mudancessabate.com\/es\/mudances\/","name":"Mudanzas - Mudances Sabat\u00e9","isPartOf":{"@id":"https:\/\/mudancessabate.com\/es\/#website"},"datePublished":"2023-06-15T10:24:49+00:00","dateModified":"2024-01-12T15:11:01+00:00","breadcrumb":{"@id":"https:\/\/mudancessabate.com\/es\/mudances\/#breadcrumb"},"inLanguage":"es","potentialAction":[{"@type":"ReadAction","target":["https:\/\/mudancessabate.com\/es\/mudances\/"]}]},{"@type":"BreadcrumbList","@id":"https:\/\/mudancessabate.com\/es\/mudances\/#breadcrumb","itemListElement":[{"@type":"ListItem","position":1,"name":"Inici","item":"https:\/\/mudancessabate.com\/es\/"},{"@type":"ListItem","position":2,"name":"Mudanzas"}]},{"@type":"WebSite","@id":"https:\/\/mudancessabate.com\/es\/#website","url":"https:\/\/mudancessabate.com\/es\/","name":"Mudances Sabat\u00e9","description":"Mudem la Teva Vida","publisher":{"@id":"https:\/\/mudancessabate.com\/es\/#organization"},"potentialAction":[{"@type":"SearchAction","target":{"@type":"EntryPoint","urlTemplate":"https:\/\/mudancessabate.com\/es\/?s={search_term_string}"},"query-input":"required name=search_term_string"}],"inLanguage":"es"},{"@type":"Organization","@id":"https:\/\/mudancessabate.com\/es\/#organization","name":"Mudances Sabat\u00e9","url":"https:\/\/mudancessabate.com\/es\/","logo":{"@type":"ImageObject","inLanguage":"es","@id":"https:\/\/mudancessabate.com\/es\/#\/schema\/logo\/image\/","url":"","contentUrl":"","caption":"Mudances Sabat\u00e9"},"image":{"@id":"https:\/\/mudancessabate.com\/es\/#\/schema\/logo\/image\/"}}]}},"_links":{"self":[{"href":"https:\/\/mudancessabate.com\/es\/wp-json\/wp\/v2\/pages\/1735"}],"collection":[{"href":"https:\/\/mudancessabate.com\/es\/wp-json\/wp\/v2\/pages"}],"about":[{"href":"https:\/\/mudancessabate.com\/es\/wp-json\/wp\/v2\/types\/page"}],"author":[{"embeddable":true,"href":"https:\/\/mudancessabate.com\/es\/wp-json\/wp\/v2\/users\/2"}],"replies":[{"embeddable":true,"href":"https:\/\/mudancessabate.com\/es\/wp-json\/wp\/v2\/comments?post=1735"}],"version-history":[{"count":32,"href":"https:\/\/mudancessabate.com\/es\/wp-json\/wp\/v2\/pages\/1735\/revisions"}],"predecessor-version":[{"id":2490,"href":"https:\/\/mudancessabate.com\/es\/wp-json\/wp\/v2\/pages\/1735\/revisions\/2490"}],"wp:attachment":[{"href":"https:\/\/mudancessabate.com\/es\/wp-json\/wp\/v2\/media?parent=1735"}],"curies":[{"name":"wp","href":"https:\/\/api.w.org\/{rel}","templated":true}]}}