{"id":1814,"date":"2023-06-14T18:31:02","date_gmt":"2023-06-14T16:31:02","guid":{"rendered":"https:\/\/mudancessabate.panelserver.eu\/politica-de-cookies\/"},"modified":"2023-07-06T18:14:44","modified_gmt":"2023-07-06T16:14:44","slug":"politica-de-cookies","status":"publish","type":"page","link":"https:\/\/mudancessabate.com\/es\/politica-de-cookies\/","title":{"rendered":"Pol\u00edtica de Cookies"},"content":{"rendered":"<div class=\"wpb-content-wrapper\"><p>[vc_row css=\u00bb.vc_custom_1686856469395{padding-top: 5.3rem !important;padding-bottom: 5.8rem !important;}\u00bb][vc_column icons_position=\u00bbleft\u00bb][vc_column_text]<\/p>\n<h1>Pol\u00edtica de Cookies<\/h1>\n<p>[\/vc_column_text][\/vc_column][\/vc_row][vc_row][vc_column][vc_column_text]<strong>\u00bfQu\u00e9 es una cookie?<\/strong><\/p>\n<p>Este sitio web utiliza cookies y\/o tecnolog\u00edas similares que almacenan y recuperan informaci\u00f3n cuando navegas. En general, estas tecnolog\u00edas pueden servir para fines muy diversos, como reconocerte como usuario, obtener informaci\u00f3n sobre tus h\u00e1bitos de navegaci\u00f3n o personalizar la manera en que se muestra el contenido. Los usos concretos que hacemos estas tecnolog\u00edas se describen a continuaci\u00f3n.<\/p>\n<p><strong>\u00bfQui\u00e9n utiliza la informaci\u00f3n de las cookies?<\/strong><\/p>\n<p>Los datos almacenados son tratados por MUDANZAS SABAT\u00c9, titularidad de Ferran Sabat\u00e9 Mata, en adelante MUDANZAS SABAT\u00c9, con NIF 48053741W, y domicilio social en la c\/ Amistad , 16 , 25110 Alpicat , Lleida, Espa\u00f1a.<\/p>\n<p><strong>\u00bfQu\u00e9 tipos de cookies hay?<\/strong><\/p>\n<p>Las cookies se pueden clasificar, en virtud de sus caracter\u00edsticas propias, dentro de diversas categor\u00edas.<\/p>\n<p>Seg\u00fan la entidad que la gestione:<\/p>\n<ul>\n<li><strong>Cookies propias: <\/strong>Son aquellas que se env\u00edan a tu ordenador y son gestionadas exclusivamente por nosotros para el mejor funcionamiento del Sitio Web.<\/li>\n<li><strong>Cookies de terceros: <\/strong>Son aquellas que se env\u00edan a tu ordenador y no son gestionadas por nosotros sino por una tercera entidad.<\/li>\n<\/ul>\n<p>Seg\u00fan el plazo de tiempo que permanecen activadas:<\/p>\n<ul>\n<li><strong>Cookies de sesi\u00f3n: <\/strong>Este tipo de cookies recogen y almacenan datos \u00fanicamente mientras el Usuario accede al Sitio Web.<\/li>\n<li><strong>Cookies persistentes: <\/strong>Mediante este tipo de cookies los datos siguen almacenados y pueden ser accedidos y tratados durante el periodo definido por el responsable de la cookies, y puede ir de unos minutos a varios a\u00f1os.<\/li>\n<\/ul>\n<p>Seg\u00fan la finalidad:<\/p>\n<ul>\n<li><strong>Cookies t\u00e9cnicas:  <\/strong>Son aquellas que permiten al usuario la navegaci\u00f3n a trav\u00e9s del sitio web, plataforma o aplicaci\u00f3n y la utilizaci\u00f3n de las diferentes opciones o servicios que \u00e9ste ofrece, como por ejemplo, controlar el tr\u00e1fico y la comunicaci\u00f3n de datos, identificar la sesi\u00f3n , acceder a partes de acceso restringido, recordar los elementos que integran un pedido, realizar el proceso de compra de un pedido,  hacer la solicitud de inscripci\u00f3n o participaci\u00f3n en un evento, utilizar elementos de seguridad durante la navegaci\u00f3n, almacenar contenidos para la difusi\u00f3n de v\u00eddeos o sonido o compartir contenidos a trav\u00e9s de redes sociales.<\/li>\n<li><strong>Cookies de personalizaci\u00f3n: <\/strong>Son aquellas que permiten al usuario acceder al servicio con algunas caracter\u00edsticas de car\u00e1cter general predefinidas, como el idioma, la configuraci\u00f3n regional desde donde accede al servicio, etc.<\/li>\n<li><strong>Cookies de an\u00e1lisis: <\/strong>Son aquellas que permiten al responsable de las mismas , el seguimiento y an\u00e1lisis del comportamiento de los usuarios de los sitios web a los que est\u00e1n vinculadas. La informaci\u00f3n recogida mediante este tipo de cookies se utiliza en la medici\u00f3n de la actividad de los sitios web, aplicaci\u00f3n o plataforma y para la elaboraci\u00f3n de perfiles de navegaci\u00f3n de los usuarios de estos sitios, aplicaciones y plataformas, para introducir mejoras a funci\u00f3n del datos due\u00f1os que hacen los usuarios del servicio.<\/li>\n<li><strong>Cookies estad\u00edsticas:  <\/strong>Son aquellas que permiten la gesti\u00f3n, de la manera m\u00e1s eficaz posible, de los espacios publicitarios que, en su caso, se hayan incluido en el sitio web, aplicaci\u00f3n o plataforma desde la que presta el servicio solicitado en base a los criterios como el contenido editado o la frecuencia en que se muestran los anuncios.<\/li>\n<li><strong>Cookies de publicidad comportamental: <\/strong>Son aquellas que permiten la gesti\u00f3n, de la manera m\u00e1s eficaz posible, de los espacios publicitarios que, en su caso, el editor haya incluido en su p\u00e1gina web, aplicaci\u00f3n o plataforma desde la que presta el servicio solicitado. Estas cookies almacenan informaci\u00f3n del comportamiento de los usuarios obtenida a trav\u00e9s de la observaci\u00f3n continuada de sus h\u00e1bitos de navegaci\u00f3n, lo que permite desarrollar un perfil espec\u00edfico para mostrar publicidad en funci\u00f3n del mismo .<\/li>\n<\/ul>\n<p><strong>\u00bfQu\u00e9 tipos de cookies utiliza este sitio web?<br \/>\n<\/strong>A continuaci\u00f3n, se especifican las cookies en concreto empleadas en este Sitio Web:<\/p>\n<p><strong>COOKIES T\u00c9CNICAS<\/strong><strong> <\/strong><\/p>\n<table width=\"1250\">\n<thead>\n<tr>\n<td width=\"142\"><strong>Nombre<\/strong><\/td>\n<td width=\"416\"><strong>Descripci\u00f3n<\/strong><\/td>\n<td colspan=\"2\" width=\"75\">Duraci\u00f3n<\/td>\n<\/tr>\n<\/thead>\n<tbody>\n<tr>\n<td width=\"142\">wp-settings &#8211;<\/td>\n<td width=\"416\">WordPress tambi\u00e9n establece algunas cookies de wp-settings &#8211; [UID]. El n\u00famero al final es vuestro ID de usuario individual de la tabla de la base de datos de usuarios. Esto se utiliza para personalizar vuestra vista de la interfaz de administraci\u00f3n y posiblemente tambi\u00e9n la interfaz del lugar principal.<\/td>\n<td colspan=\"2\" width=\"75\">1 a\u00f1o<\/td>\n<\/tr>\n<tr>\n<td width=\"142\">PHPSESSID<\/td>\n<td width=\"416\">Para identificar vuestra sesi\u00f3n \u00fanica en el sitio web<\/td>\n<td colspan=\"2\" width=\"75\">sesi\u00f3n<\/td>\n<\/tr>\n<tr>\n<td width=\"142\">SESS<\/td>\n<td width=\"416\">Para aseguraros de que lo reconozco cuando se mueva de una p\u00e1gina a otra dentro del sitio y que se recuerde cualquier informaci\u00f3n que hab\u00e9is introducido.<\/td>\n<td colspan=\"2\" width=\"75\">sesi\u00f3n<\/td>\n<\/tr>\n<tr>\n<td width=\"142\">wordpress _<\/td>\n<td colspan=\"2\" width=\"417\">Cookie de WordPress para un usuario que ha iniciado sesi\u00f3n.<\/td>\n<td width=\"75\">sesi\u00f3n<\/td>\n<\/tr>\n<tr>\n<td width=\"142\">wordpress_logged_in _<\/td>\n<td colspan=\"2\" width=\"417\">Cookie de WordPress para un usuario registrado<\/td>\n<td width=\"75\">sesi\u00f3n<\/td>\n<\/tr>\n<tr>\n<td width=\"142\">wp &#8211; settings -time-<\/td>\n<td colspan=\"2\" width=\"417\">WordPress tambi\u00e9n establece algunas cookies de wp-settings &#8211; {time} \u2013 [UID]. El n\u00famero al final es vuestro ID de usuario individual de la tabla de la base de datos de usuarios. Esto se utiliza para personalizar vuestra vista de la interfaz de administraci\u00f3n y posiblemente tambi\u00e9n la interfaz del lugar principal.<\/td>\n<td width=\"75\">1 a\u00f1o<\/td>\n<\/tr>\n<tr>\n<td width=\"142\">WPML<\/td>\n<td colspan=\"2\" width=\"417\">Identifica el idioma del usuario<\/td>\n<td width=\"75\">sesi\u00f3n<\/td>\n<\/tr>\n<tr>\n<td width=\"149\"><\/td>\n<td width=\"409\"><\/td>\n<td width=\"1\"><\/td>\n<td width=\"75\"><\/td>\n<\/tr>\n<\/tbody>\n<\/table>\n<p><strong> <\/strong><\/p>\n<p><strong> <\/strong><\/p>\n<p><strong>COOKIES DE TERCEROS<\/strong><\/p>\n<p>Google Analitycs. Las bibliotecas gtag.js, analytics.js y ga.js configuran las cookies siguientes:<\/p>\n<p>&nbsp;<\/p>\n<table width=\"1250\">\n<tbody>\n<tr>\n<td width=\"113\"><strong>Nombre<\/strong><\/td>\n<td width=\"132\"><strong>Duraci\u00f3n<\/strong><\/td>\n<td width=\"397\"><strong>Descripci\u00f3n<\/strong><\/td>\n<\/tr>\n<tr>\n<td width=\"113\">_ ga<\/td>\n<td width=\"132\">2 a\u00f1os<\/td>\n<td width=\"397\">Se utiliza para distinguir a los usuarios.<\/td>\n<\/tr>\n<tr>\n<td width=\"113\">_gid<\/td>\n<td width=\"132\">24 horas<\/td>\n<td width=\"397\">Se utiliza para distinguir a los usuarios.<\/td>\n<\/tr>\n<tr>\n<td width=\"113\">_gato<\/td>\n<td width=\"132\">1 minuto<\/td>\n<td width=\"397\">Se utiliza para limitar el porcentaje de solicitudes. Si se ha implementado Google Analytics mediante Google Tag Manager, esta cookies se llamar\u00e1 _ dc_gtm _&lt; property -id&gt;.<\/td>\n<\/tr>\n<tr>\n<td width=\"113\">_ gac _&lt; property -id&gt;<\/td>\n<td width=\"132\">90 d\u00edas<\/td>\n<td width=\"397\">Incluye informaci\u00f3n sobre la campa\u00f1a relativa al usuario. Si hab\u00e9is vinculado vuestras cuentas de Google Analytics y Google Ads , las etiquetas de conversi\u00f3n al sitio web de Google Ads leer\u00e1n esta cookies, a menos que la inhabilit\u00e9is.<br \/>\n<a href=\"https:\/\/support.google.com\/google-ads\/answer\/7521212?hl=es\">M\u00e1s informaci\u00f3n<\/a><\/td>\n<\/tr>\n<tr>\n<td width=\"113\">__utma<\/td>\n<td width=\"132\">2 a\u00f1os a partir de la configuraci\u00f3n o actualizaci\u00f3n<\/td>\n<td width=\"397\">Se utiliza para distinguir usuarios y sesiones. La cookies se crea cuando se ejecuta la biblioteca de JavaScript y no hay ninguna cookies __utma . La cookies se actualiza cada vez que se env\u00edan datos a Google Analytics.<\/td>\n<\/tr>\n<tr>\n<td width=\"113\">__utmt<\/td>\n<td width=\"132\">10 minutos<\/td>\n<td width=\"397\">Se utiliza para limitar el porcentaje de solicitudes.<\/td>\n<\/tr>\n<tr>\n<td width=\"113\">__utmb<\/td>\n<td width=\"132\">30 minutos a partir de la configuraci\u00f3n o actualizaci\u00f3n<\/td>\n<td width=\"397\">Se utiliza para determinar nuevas sesiones o visitas. La cookies se crea cuando se ejecuta la biblioteca de JavaScript y no hay ninguna cookies __utmb . La cookies se actualiza cada vez que se env\u00edan datos a Google Analytics.<\/td>\n<\/tr>\n<tr>\n<td width=\"113\">__utmc<\/td>\n<td width=\"132\">Final de la sesi\u00f3n del navegador<\/td>\n<td width=\"397\">No se usa a ga.js. Se configura para interactuar con urchin.js. Anteriormente, esta cookies actuaba junto con la cookies __ utmb para determinar si el usuario estaba en una nueva sesi\u00f3n o visita.<\/td>\n<\/tr>\n<tr>\n<td width=\"113\">__utmz<\/td>\n<td width=\"132\">6 meses a partir de la configuraci\u00f3n o actualizaci\u00f3n<\/td>\n<td width=\"397\">Almacena la fuente de tr\u00e1fico o la campa\u00f1a que explica c\u00f3mo el usuario ha llegado al sitio web. La cookies se crea cuando se ejecuta la biblioteca de JavaScript y se actualiza cada vez que se env\u00edan datos a Google Analytics.<\/td>\n<\/tr>\n<tr>\n<td width=\"113\">__utmv<\/td>\n<td width=\"132\">2 a\u00f1os a partir de la configuraci\u00f3n o actualizaci\u00f3n<\/td>\n<td width=\"397\">Se utiliza para almacenar datos de variables personalizadas a nivel de visitante. Esta cookies se crea cuando un programador utiliza el m\u00e9todo <a href=\"https:\/\/developers.google.com\/analytics\/devguides\/collection\/gajs\/methods\/gaJSApiBasicConfiguration?hl=es#_gat.GA_Tracker_._setCustomVar\">_ <\/a><a href=\"https:\/\/developers.google.com\/analytics\/devguides\/collection\/gajs\/methods\/gaJSApiBasicConfiguration?hl=es#_gat.GA_Tracker_._setCustomVar\">setCustomVar <\/a>con una variable personalizada a nivel de visitante. Tambi\u00e9n se usaba para el m\u00e9todo _ setVar , que ya no est\u00e1 disponible. La cookies se actualiza cada vez que se env\u00edan datos a Google Analytics.<\/td>\n<\/tr>\n<\/tbody>\n<\/table>\n<p>&nbsp;<\/p>\n<p>Pol\u00edtica de cookies de Google Analytics:<\/p>\n<p><a href=\"https:\/\/developers.google.com\/analytics\/devguides\/collection\/analyticsjs\/cookie-usage?hl=es\">https:\/\/developers.google.com\/analytics\/devguides\/collection\/analyticsjs\/cookie-usage?hl=ca<\/a><\/p>\n<p>&nbsp;<\/p>\n<p>Esta tabla puede ser actualizada de acuerdo con las cookies empleadas en cada momento. Os aconsejamos que consult\u00e9is nuestra Pol\u00edtica de Cookies de forma regular.<\/p>\n<p><strong>\u00bfSe hacen transferencias de datos a terceros pa\u00edses?<\/strong><\/p>\n<p>Puedes informarte de las transferencias a terceros pa\u00edses que, en su caso, realizan los terceros identificados en esta pol\u00edtica de cookies en sus pol\u00edticas correspondientes (V\u00e9ase los enlaces facilitados en la tabla anterior, en el apartado de cookies de terceros).<\/p>\n<p><strong>\u00bfC\u00f3mo deshabilitar y bloquear cookies?<\/strong><\/p>\n<p>Te informamos que, en cualquier caso, puedes deshabilitar o bloquear las cookies activando la configuraci\u00f3n de tu navegador, permitiendo rechazar la instalaci\u00f3n de todas o algunas de las cookies. En caso de no permitir la instalaci\u00f3n de cookies es posible que no puedas acceder a algunas de las funcionalidades del presente sitio web, y por lo tanto, tu experiencia como usuario en el sitio web sea menos satisfactoria.<\/p>\n<p>Puedes permitir, bloquear o eliminar las cookies instaladas en tu equipo mediante la configuraci\u00f3n de las opciones del navegador instalado en tu ordenador. Para m\u00e1s informaci\u00f3n sobre c\u00f3mo ajustar vuestras configuraciones de cookies a los siguientes navegadores, os remitimos al enlace pertinente:<\/p>\n<p>Internet Explorer<\/p>\n<ul>\n<li><a href=\"https:\/\/support.microsoft.com\/es-es\/help\/17442\/windows-internet-explorer-deletemanage-cookies\">https:\/\/support.microsoft.com\/ca-ca\/help\/17442\/windows-internet-explorer-deletemanage-cookies<\/a><\/li>\n<\/ul>\n<p>Firefox<\/p>\n<ul>\n<li><a href=\"https:\/\/support.mozilla.org\/es\/kb\/habilitar-y-deshabilitar-cookies-sitios-web-rastrearpreferencias?redirectlocale=es&amp;redirectslug=habilitar-y-deshabilitar-cookies-que-los-sitioswe\">https:\/\/support.mozilla.org\/es\/kb\/habilitar-y-deshabilitar-cookies-sitios-web-rastrearpreferencias?redirectlocale=es&amp;redirectslug=habilitar-y-deshabilitar-cookies-que-los-sitioswe<\/a><\/li>\n<\/ul>\n<p>Chrome<\/p>\n<ul>\n<li><a href=\"http:\/\/support.google.com\/chrome\/bin\/answer.py?hl=en&amp;answer=95647\">http:\/\/support.google.com\/chrome\/bin\/answer.py?hl=en&amp;answer=95647<\/a><\/li>\n<\/ul>\n<p>Safari<\/p>\n<ul>\n<li><a href=\"https:\/\/support.apple.com\/kb\/PH19214?viewlocale=es_ES&amp;locale=es_ES\">https:\/\/support.apple.com\/kb\/PH19214?viewlocale=ca_ES&amp;locale=ca_CA<\/a><\/li>\n<\/ul>\n<p>Opera<\/p>\n<ul>\n<li><a href=\"http:\/\/help.opera.com\/Windows\/11.50\/es-ES\/cookies.html\">http:\/\/help.opera.com\/Windows\/11.50\/ca-ES\/cookies.html<\/a><\/li>\n<\/ul>\n<p>&nbsp;<\/p>\n<p><strong>\u00bfQu\u00e9 derechos tienes sobre los datos personales aportados?<\/strong><\/p>\n<p>Como usuario, puedes ejercitar los derechos siguientes:<\/p>\n<ul>\n<li><strong>Derecho de acceso: <\/strong>Ten\u00e9is derecho a obtener por parte de la empresa confirmaci\u00f3n de si se est\u00e1n tratando o no vuestros datos personales que, y en su caso, qu\u00e9 datos trata.<\/li>\n<li><strong>Derecho de rectificaci\u00f3n: <\/strong>Ten\u00e9is derecho a obtener por parte de la empresa, la rectificaci\u00f3n de los datos personales inexactos que os concierne. En la solicitud de rectificaci\u00f3n deber\u00e1s indicar los datos que deseas que se modifiquen.<\/li>\n<li><strong>Derecho de oposici\u00f3n: <\/strong>Ten\u00e9is derecho a oponeros en cualquier momento, por motivos relacionados con vuestra situaci\u00f3n particular, que datos personales que os conciernan sean objeto de un tratamiento basado en el inter\u00e9s leg\u00edtimo de la empresa. En este caso, la empresa dejar\u00e1 de tratar los datos personales, salvo que acreditemos motivos imperiosos leg\u00edtimos para el tratamiento que prevalezcan sobre tus intereses, derechos y libertades, o para la formulaci\u00f3n, el ejercicio o la defensa de reclamaciones.<\/li>\n<li><strong>Derecho de supresi\u00f3n: <\/strong>Ten\u00e9is derecho a obtener por parte de la empresa, la supresi\u00f3n de los datos personales que os conciernan.<\/li>\n<li><strong>Derecho a la portabilidad de los datos: <\/strong>Ten\u00e9is derecho a que la empresa transfiera vuestros datos personales a otro responsable del tratamiento. S\u00f3lo es posible ejercer este derecho cuando el tratamiento est\u00e9 basado en la ejecuci\u00f3n de un contrato o en vuestro consentimiento y el tratamiento se realice por medios automatizados.<\/li>\n<li><strong>Derecho a la limitaci\u00f3n del tratamiento:  <\/strong>Tienes derecho a solicitarnos que suspendamos el tratamiento de tus datos cuando: impugnas la exactitud de los datos, mientras la empresa verifica esta exactitud; hayas ejercido el derecho de oposici\u00f3n al tratamiento de tus datos, mientras que se verifica si los motivos leg\u00edtimos de la empresa prevalecen sobre los tuyos como interesados.<\/li>\n<li><strong>Derecho a no ser objeto de decisiones individuales automatizadas, incluida la elaboraci\u00f3n de perfiles: <\/strong>Tienes derecho a no ser objeto de una decisi\u00f3n basada \u00fanicamente en el tratamiento automatizado, incluida la elaboraci\u00f3n de perfiles, que produzca efectos jur\u00eddicos o te afecte significativamente de manera parecida.<\/li>\n<\/ul>\n<p>En cualquier momento, podr\u00e1s ejercitar estos derechos mediante un escrito y acreditando tu identidad, dirigido a <a href=\"mailto:info@mudancessabate.com\">info@mudancessabate.com <\/a>.<\/p>\n<p>Adem\u00e1s, podr\u00e1s presentar una reclamaci\u00f3n ante la autoridad de control, en este caso, la Agencia Espa\u00f1ola de Protecci\u00f3n de Datos, si consideras que el tratamiento de datos personales infringe la legislaci\u00f3n aplicable.[\/vc_column_text][\/vc_column][\/vc_row][vc_row][vc_column][vc_empty_space alter_height=\u00bbmedium\u00bb hide_on_mobile=\u00bb\u00bb][\/vc_column][\/vc_row]<\/p>\n<\/div>","protected":false},"excerpt":{"rendered":"<p>[vc_row css=\u00bb.vc_custom_1686856469395{padding-top: 5.3rem !important;padding-bottom: 5.8rem !important;}\u00bb][vc_column icons_position=\u00bbleft\u00bb][vc_column_text] Pol\u00edtica de Cookies [\/vc_column_text][\/vc_column][\/vc_row][vc_row][vc_column][vc_column_text]\u00bfQu\u00e9 es una cookie? Este sitio web utiliza cookies y\/o tecnolog\u00edas similares que almacenan y recuperan informaci\u00f3n cuando navegas. En general, estas tecnolog\u00edas pueden servir para fines muy diversos, como reconocerte como usuario, obtener informaci\u00f3n sobre tus h\u00e1bitos de navegaci\u00f3n o personalizar la manera en que se muestra el contenido.&hellip;<\/p>\n","protected":false},"author":2,"featured_media":0,"parent":0,"menu_order":5300,"comment_status":"closed","ping_status":"closed","template":"","meta":{"footnotes":"","_joinchat":[]},"yoast_head":"<!-- This site is optimized with the Yoast SEO plugin v21.8 - https:\/\/yoast.com\/wordpress\/plugins\/seo\/ -->\n<title>Pol\u00edtica de Cookies - Mudances Sabat\u00e9<\/title>\n<meta name=\"robots\" content=\"index, follow, max-snippet:-1, max-image-preview:large, max-video-preview:-1\" \/>\n<link rel=\"canonical\" href=\"https:\/\/mudancessabate.com\/es\/politica-de-cookies\/\" \/>\n<meta property=\"og:locale\" content=\"es_ES\" \/>\n<meta property=\"og:type\" content=\"article\" \/>\n<meta property=\"og:title\" content=\"Pol\u00edtica de Cookies - Mudances Sabat\u00e9\" \/>\n<meta property=\"og:description\" content=\"[vc_row css=\u00bb.vc_custom_1686856469395{padding-top: 5.3rem !important;padding-bottom: 5.8rem !important;}\u00bb][vc_column icons_position=\u00bbleft\u00bb][vc_column_text] Pol\u00edtica de Cookies [\/vc_column_text][\/vc_column][\/vc_row][vc_row][vc_column][vc_column_text]\u00bfQu\u00e9 es una cookie? Este sitio web utiliza cookies y\/o tecnolog\u00edas similares que almacenan y recuperan informaci\u00f3n cuando navegas. En general, estas tecnolog\u00edas pueden servir para fines muy diversos, como reconocerte como usuario, obtener informaci\u00f3n sobre tus h\u00e1bitos de navegaci\u00f3n o personalizar la manera en que se muestra el contenido.&hellip;\" \/>\n<meta property=\"og:url\" content=\"https:\/\/mudancessabate.com\/es\/politica-de-cookies\/\" \/>\n<meta property=\"og:site_name\" content=\"Mudances Sabat\u00e9\" \/>\n<meta property=\"article:modified_time\" content=\"2023-07-06T16:14:44+00:00\" \/>\n<meta name=\"twitter:card\" content=\"summary_large_image\" \/>\n<meta name=\"twitter:label1\" content=\"Tiempo de lectura\" \/>\n\t<meta name=\"twitter:data1\" content=\"10 minutos\" \/>\n<script type=\"application\/ld+json\" class=\"yoast-schema-graph\">{\"@context\":\"https:\/\/schema.org\",\"@graph\":[{\"@type\":\"WebPage\",\"@id\":\"https:\/\/mudancessabate.com\/es\/politica-de-cookies\/\",\"url\":\"https:\/\/mudancessabate.com\/es\/politica-de-cookies\/\",\"name\":\"Pol\u00edtica de Cookies - Mudances Sabat\u00e9\",\"isPartOf\":{\"@id\":\"https:\/\/mudancessabate.com\/es\/#website\"},\"datePublished\":\"2023-06-14T16:31:02+00:00\",\"dateModified\":\"2023-07-06T16:14:44+00:00\",\"breadcrumb\":{\"@id\":\"https:\/\/mudancessabate.com\/es\/politica-de-cookies\/#breadcrumb\"},\"inLanguage\":\"es\",\"potentialAction\":[{\"@type\":\"ReadAction\",\"target\":[\"https:\/\/mudancessabate.com\/es\/politica-de-cookies\/\"]}]},{\"@type\":\"BreadcrumbList\",\"@id\":\"https:\/\/mudancessabate.com\/es\/politica-de-cookies\/#breadcrumb\",\"itemListElement\":[{\"@type\":\"ListItem\",\"position\":1,\"name\":\"Inici\",\"item\":\"https:\/\/mudancessabate.com\/es\/\"},{\"@type\":\"ListItem\",\"position\":2,\"name\":\"Pol\u00edtica de Cookies\"}]},{\"@type\":\"WebSite\",\"@id\":\"https:\/\/mudancessabate.com\/es\/#website\",\"url\":\"https:\/\/mudancessabate.com\/es\/\",\"name\":\"Mudances Sabat\u00e9\",\"description\":\"Mudem la Teva Vida\",\"publisher\":{\"@id\":\"https:\/\/mudancessabate.com\/es\/#organization\"},\"potentialAction\":[{\"@type\":\"SearchAction\",\"target\":{\"@type\":\"EntryPoint\",\"urlTemplate\":\"https:\/\/mudancessabate.com\/es\/?s={search_term_string}\"},\"query-input\":\"required name=search_term_string\"}],\"inLanguage\":\"es\"},{\"@type\":\"Organization\",\"@id\":\"https:\/\/mudancessabate.com\/es\/#organization\",\"name\":\"Mudances Sabat\u00e9\",\"url\":\"https:\/\/mudancessabate.com\/es\/\",\"logo\":{\"@type\":\"ImageObject\",\"inLanguage\":\"es\",\"@id\":\"https:\/\/mudancessabate.com\/es\/#\/schema\/logo\/image\/\",\"url\":\"\",\"contentUrl\":\"\",\"caption\":\"Mudances Sabat\u00e9\"},\"image\":{\"@id\":\"https:\/\/mudancessabate.com\/es\/#\/schema\/logo\/image\/\"}}]}<\/script>\n<!-- \/ Yoast SEO plugin. -->","yoast_head_json":{"title":"Pol\u00edtica de Cookies - Mudances Sabat\u00e9","robots":{"index":"index","follow":"follow","max-snippet":"max-snippet:-1","max-image-preview":"max-image-preview:large","max-video-preview":"max-video-preview:-1"},"canonical":"https:\/\/mudancessabate.com\/es\/politica-de-cookies\/","og_locale":"es_ES","og_type":"article","og_title":"Pol\u00edtica de Cookies - Mudances Sabat\u00e9","og_description":"[vc_row css=\u00bb.vc_custom_1686856469395{padding-top: 5.3rem !important;padding-bottom: 5.8rem !important;}\u00bb][vc_column icons_position=\u00bbleft\u00bb][vc_column_text] Pol\u00edtica de Cookies [\/vc_column_text][\/vc_column][\/vc_row][vc_row][vc_column][vc_column_text]\u00bfQu\u00e9 es una cookie? Este sitio web utiliza cookies y\/o tecnolog\u00edas similares que almacenan y recuperan informaci\u00f3n cuando navegas. En general, estas tecnolog\u00edas pueden servir para fines muy diversos, como reconocerte como usuario, obtener informaci\u00f3n sobre tus h\u00e1bitos de navegaci\u00f3n o personalizar la manera en que se muestra el contenido.&hellip;","og_url":"https:\/\/mudancessabate.com\/es\/politica-de-cookies\/","og_site_name":"Mudances Sabat\u00e9","article_modified_time":"2023-07-06T16:14:44+00:00","twitter_card":"summary_large_image","twitter_misc":{"Tiempo de lectura":"10 minutos"},"schema":{"@context":"https:\/\/schema.org","@graph":[{"@type":"WebPage","@id":"https:\/\/mudancessabate.com\/es\/politica-de-cookies\/","url":"https:\/\/mudancessabate.com\/es\/politica-de-cookies\/","name":"Pol\u00edtica de Cookies - Mudances Sabat\u00e9","isPartOf":{"@id":"https:\/\/mudancessabate.com\/es\/#website"},"datePublished":"2023-06-14T16:31:02+00:00","dateModified":"2023-07-06T16:14:44+00:00","breadcrumb":{"@id":"https:\/\/mudancessabate.com\/es\/politica-de-cookies\/#breadcrumb"},"inLanguage":"es","potentialAction":[{"@type":"ReadAction","target":["https:\/\/mudancessabate.com\/es\/politica-de-cookies\/"]}]},{"@type":"BreadcrumbList","@id":"https:\/\/mudancessabate.com\/es\/politica-de-cookies\/#breadcrumb","itemListElement":[{"@type":"ListItem","position":1,"name":"Inici","item":"https:\/\/mudancessabate.com\/es\/"},{"@type":"ListItem","position":2,"name":"Pol\u00edtica de Cookies"}]},{"@type":"WebSite","@id":"https:\/\/mudancessabate.com\/es\/#website","url":"https:\/\/mudancessabate.com\/es\/","name":"Mudances Sabat\u00e9","description":"Mudem la Teva Vida","publisher":{"@id":"https:\/\/mudancessabate.com\/es\/#organization"},"potentialAction":[{"@type":"SearchAction","target":{"@type":"EntryPoint","urlTemplate":"https:\/\/mudancessabate.com\/es\/?s={search_term_string}"},"query-input":"required name=search_term_string"}],"inLanguage":"es"},{"@type":"Organization","@id":"https:\/\/mudancessabate.com\/es\/#organization","name":"Mudances Sabat\u00e9","url":"https:\/\/mudancessabate.com\/es\/","logo":{"@type":"ImageObject","inLanguage":"es","@id":"https:\/\/mudancessabate.com\/es\/#\/schema\/logo\/image\/","url":"","contentUrl":"","caption":"Mudances Sabat\u00e9"},"image":{"@id":"https:\/\/mudancessabate.com\/es\/#\/schema\/logo\/image\/"}}]}},"_links":{"self":[{"href":"https:\/\/mudancessabate.com\/es\/wp-json\/wp\/v2\/pages\/1814"}],"collection":[{"href":"https:\/\/mudancessabate.com\/es\/wp-json\/wp\/v2\/pages"}],"about":[{"href":"https:\/\/mudancessabate.com\/es\/wp-json\/wp\/v2\/types\/page"}],"author":[{"embeddable":true,"href":"https:\/\/mudancessabate.com\/es\/wp-json\/wp\/v2\/users\/2"}],"replies":[{"embeddable":true,"href":"https:\/\/mudancessabate.com\/es\/wp-json\/wp\/v2\/comments?post=1814"}],"version-history":[{"count":5,"href":"https:\/\/mudancessabate.com\/es\/wp-json\/wp\/v2\/pages\/1814\/revisions"}],"predecessor-version":[{"id":2447,"href":"https:\/\/mudancessabate.com\/es\/wp-json\/wp\/v2\/pages\/1814\/revisions\/2447"}],"wp:attachment":[{"href":"https:\/\/mudancessabate.com\/es\/wp-json\/wp\/v2\/media?parent=1814"}],"curies":[{"name":"wp","href":"https:\/\/api.w.org\/{rel}","templated":true}]}}