{"id":1816,"date":"2023-06-14T18:30:33","date_gmt":"2023-06-14T16:30:33","guid":{"rendered":"https:\/\/mudancessabate.panelserver.eu\/avis-legal\/"},"modified":"2023-07-06T15:31:02","modified_gmt":"2023-07-06T13:31:02","slug":"avis-legal","status":"publish","type":"page","link":"https:\/\/mudancessabate.com\/es\/avis-legal\/","title":{"rendered":"Aviso legal"},"content":{"rendered":"<div class=\"wpb-content-wrapper\"><p>[vc_row css=\u00bb.vc_custom_1686856364697{padding-top: 5.3rem !important;padding-bottom: 5.8rem !important;}\u00bb][vc_column][vc_column_text]<\/p>\n<h1>Aviso Legal<\/h1>\n<p>[\/vc_column_text][\/vc_column][\/vc_row][vc_row][vc_column][vc_column_text]<em>En cumplimiento con el deber informaci\u00f3n recogido en el art\u00edculo 10 de la Ley 34\/2002, de 11 de julio, de Servicios de la Sociedad de la Informaci\u00f3n y del Comercio Electr\u00f3nico, os informamos que el Sitio Web y el portal de Internet https:\/\/mudancessabate.com (en adelante, el \u00abWeb\u00bb) es titularidad de Ferran Sabat\u00e9 Mata, en adelante MUDANZAS SABAT\u00c9, con NIF 48053741W,  y domicilio social en la c\/ Amistad , 16 , 25110 Alpicat , Lleida, Espa\u00f1a. Este aviso legal regula las condiciones de uso de la Web.<\/em><\/p>\n<p><strong>Ley aplicable y jurisdicci\u00f3n  <\/strong><br \/>\nCon car\u00e1cter general las relaciones entre MUDANZAS SABAT\u00c9 y los usuarios de sus servicios telem\u00e1ticos, presentes en la web, est\u00e1n sometidas a la legislaci\u00f3n y jurisdicci\u00f3n espa\u00f1olas.<\/p>\n<p>Las partes renuncian expresamente al fuero que les pudiera corresponder y someten expresamente a los Juzgados y Tribunales de la ciudad de Lleida para resolver cualquier controversia que pueda surgir en la interpretaci\u00f3n o ejecuci\u00f3n de las presentes condiciones contractuales.<\/p>\n<p><strong>Aceptaci\u00f3n del usuario  <\/strong><br \/>\nEste Aviso Legal regula el acceso y la utilizaci\u00f3n de la p\u00e1gina web que MUDANZAS SABAT\u00c9 pone a disposici\u00f3n de los usuarios de Internet. Se considera usuario la persona que acceda, navegue, utilice o participe en los servicios y actividades de la p\u00e1gina web.<\/p>\n<p>El usuario queda informado, y acepta, de que el acceso a la presente web no supone, en modo alguno, el inicio de una relaci\u00f3n comercial con MUDANZAS SABAT\u00c9.<\/p>\n<p>El acceso y navegaci\u00f3n al sitio web por parte del usuario supone la aceptaci\u00f3n de la totalidad de las presentes Condiciones de Uso. En caso de desacuerdo con las condiciones hay que abstenerse a utilizar el sitio web.<\/p>\n<p><strong>Acceso a la web  <\/strong><br \/>\nEl acceso a la p\u00e1gina web por parte de los usuarios es de car\u00e1cter libre y gratuito. Algunos servicios pueden encontrarse sujetos a contrataci\u00f3n previa del servicio. En caso de ser necesario que el usuario aporte datos personales para acceder a alguno de los servicios, la recogida y el tratamiento de los datos se realizar\u00e1 de conformidad con la normativa vigente, concretamente con el RGPD. Para m\u00e1s informaci\u00f3n, consulte nuestra pol\u00edtica de privacidad.<\/p>\n<p><strong>Contenido y uso  <\/strong><br \/>\nLa visita al sitio web por parte del usuario deber\u00e1 hacerse de forma responsable y de conformidad con la legalidad vigente, la buena fe, este Aviso Legal y respetando los derechos de propiedad intelectual e industrial de titularidad de MUDANZAS SABAT\u00c9 o cualquier otra personas f\u00edsicas o jur\u00eddicas.<\/p>\n<p>El uso de cualquiera de los contenidos del sitio web con fines que sean o pudieran ser il\u00edcitos queda totalmente prohibido, as\u00ed como la realizaci\u00f3n de cualquier acci\u00f3n que cause o pueda causar da\u00f1os o alteraciones de cualquier tipo no consentidas por MUDANZAS SABAT\u00c9, en el sitio web o los contenidos.<\/p>\n<p>El titular de la web no se identifica con las opiniones vertidas al mismo por sus colaboradores. La empresa se reserva el derecho de efectuar sin previo aviso las modificaciones que considere oportunas en su Web, pudiendo cambiar, suprimir o a\u00f1adir tanto los contenidos y servicios que se presten a trav\u00e9s de la misma como la forma en que \u00e9stos aparezcan presentados o localizados a vuestros servidores.<\/p>\n<p><strong>Propiedad intelectual e industrial  <\/strong><br \/>\nLos derechos de propiedad intelectual del contenido de las p\u00e1ginas web, su dise\u00f1o gr\u00e1fico y c\u00f3digos son titularidad de MUDANZAS SABAT\u00c9 y, por tanto, queda prohibida su reproducci\u00f3n, distribuci\u00f3n, comunicaci\u00f3n p\u00fablica, transformaci\u00f3n o cualquier otra actividad que se realice con los contenidos de la p\u00e1gina web, ni siquiera aunque se citen las fuentes,  salvo que se cuente con el consentimiento previo, expreso y por escrito de MUDANZAS SABAT\u00c9. Todos los nombres comerciales, marcas o signos diferentes de cualquier clase contenidos en las p\u00e1ginas web de la empresa son propiedad de los due\u00f1os y est\u00e1n protegidos por ley.<\/p>\n<p>MUDANZAS SABAT\u00c9 no concede ninguna licencia o autorizaci\u00f3n de uso de ninguna clase sobre sus derechos de propiedad intelectual e industrial o sobre cualquier otra propiedad o derecho relacionado con el sitio web, y en ning\u00fan caso se entender\u00e1 que el acceso y la navegaci\u00f3n de los usuarios implica una renuncia, transmisi\u00f3n, licencia o cesi\u00f3n total ni parcial de dichos derechos por parte de MUDANZAS SABAT\u00c9.<\/p>\n<p>Cualquier uso de estos contenidos no autorizado previamente por parte de MUDANZAS SABAT\u00c9 ser\u00e1 considerado un incumplimiento grave de los derechos de propiedad intelectual o industrial y dar\u00e1 lugar a las responsabilidades establecidas legalmente. MUDANZAS SABAT\u00c9 se reserva el derecho de ejercitar ante el usuario las acciones judiciales y extrajudiciales que correspondan.<\/p>\n<p><strong>Responsabilidad y garant\u00edas<br \/>\n<\/strong>MUDANZAS SABAT\u00c9 declara que ha adoptado las medidas necesarias que, dentro de sus posibilidades y el estado de la tecnolog\u00eda, permitan el funcionamiento correcto de su sitio web as\u00ed como la ausencia de virus y componentes nocivos. Sin embargo, MUDANZAS SABAT\u00c9 no se puede hacer responsable de las siguientes situaciones que se enumeran a t\u00edtulo enunciativo, pero no limitativo:<\/p>\n<p>La continuidad y disponibilidad de los contenidos.<\/p>\n<p>La ausencia de errores en estos contenidos ni la correcci\u00f3n de cualquier defecto que pueda ocurrir.<\/p>\n<p>La ausencia de virus y\/u otros componentes perjudiciales. Los da\u00f1os o perjuicios que cause cualquier persona que vulnere los sistemas de seguridad de MUDANZAS SABAT\u00c9.<\/p>\n<p>El uso que los usuarios puedan hacer de los contenidos incluidos en la web. En consecuencia, MUDANZAS SABAT\u00c9 no garantiza que el uso que los usuarios puedan hacer de los contenidos que se incluyan en el sitio web, se ajusten al presente aviso legal, ni que el uso del sitio web se haga de forma diligente.<\/p>\n<p>El uso por menores de edad del sitio web o del env\u00edo de vuestros datos personales sin el permiso de vuestros tutores, siendo los tutores responsables del uso que hagan de Internet.<\/p>\n<p>Los contenidos a los que lusuario pueda acceder a trav\u00e9s denlaces no autorizados o introducidos por usuarios mediante comentarios o herramientas similares.<\/p>\n<p>La introducci\u00f3n de datos err\u00f3neos por parte de lusuario o dun tercero.<br \/>\nMUDANZAS SABAT\u00c9 podr\u00e1 suspender temporalmente y sin previo aviso, la accesibilidad al sitio web con motivo de operaciones de mantenimiento, reparaci\u00f3n, actualizaci\u00f3n o mejora. No obstante, siempre que las circunstancias lo permitan, MUDANZAS SABAT\u00c9 comunicar\u00e1 al usuario, con antelaci\u00f3n suficiente, la fecha prevista para la suspensi\u00f3n de los contenidos.<\/p>\n<p>Asimismo, de conformidad con los arts. 11 y 16 de la Ley 34\/2002, de 11 de julio, de servicios de la sociedad de la informaci\u00f3n y de comercio electr\u00f3nico (LSSICE), MUDANZAS SABAT\u00c9 se compromete a la eliminaci\u00f3n o, en su caso, bloqueo de los contenidos que pudieran afectar o ser contrarios a la legislaci\u00f3n vigente, los derechos de terceros o la moral y orden p\u00fablico.<\/p>\n<p><strong>Cookies<br \/>\n<\/strong>MUDANZAS SABAT\u00c9 utiliza cookies, a efectos de optimizar y personalizar la navegaci\u00f3n por el sitio web. Las cookies son ficheros f\u00edsicos de informaci\u00f3n que se alojan en el mismo terminal del usuario, la informaci\u00f3n recogida mediante las cookies sirve para facilitar la navegaci\u00f3n del usuario por el portal y optimizar la experiencia de navegaci\u00f3n. Los datos recopilados mediante las cookies pueden ser compartidos con sus creadores , pero en ning\u00fan caso la informaci\u00f3n obtenida por \u00e9stas ser\u00e1 asociada a datos personales ni a datos que puedan identificar al usuario.<\/p>\n<p>No obstante, si el usuario no desea que se instalen cookies en vuestro disco duro, ten\u00e9is la posibilidad de configurar el navegador de manera que impida la instalaci\u00f3n de estos ficheros. Para obtener m\u00e1s informaci\u00f3n consulte nuestra Pol\u00edtica de Cookies.<\/p>\n<p><strong>Enlaces (links)<br \/>\n<\/strong>La presencia de enlaces (links) en la p\u00e1gina web de MUDANZAS SABAT\u00c9 hacia otros sitios de Internet tiene finalidad meramente informativa y en ning\u00fan caso suponen sugerencia, invitaci\u00f3n o recomendaci\u00f3n sobre los mismos. MUDANZAS SABAT\u00c9 no asumir\u00e1 responsabilidad por los contenidos de un enlace perteneciente a un sitio web ajeno, ni garantizar\u00e1 la fiabilidad, exactitud, amplitud, veracidad, validez y disponibilidad t\u00e9cnica.<\/p>\n<p>En caso de que en otros sitios web se establezcan enlaces a la p\u00e1gina web de MUDANZAS SABAT\u00c9, no se entender\u00e1 que MUDANZAS SABAT\u00c9 ha autorizado el enlace o el contenido del sitio web donde se contiene el enlace, tampoco se podr\u00e1 incluir en la p\u00e1gina del enlace contenidos inapropiados, difamatorios, ilegales, obscenos o il\u00edcitos, ni otros contenidos que sean contrarios a la legalidad vigente.<\/p>\n<p>MUDANZAS SABAT\u00c9 se reserva la posibilidad de contactar con el propietario del sitio web donde se establezca el enlace si considera que se incumple la normativa, as\u00ed como de ejercitar las acciones judiciales y extrajudiciales correspondientes.<\/p>\n<p><strong>Modificaci\u00f3n de las condiciones<br \/>\n<\/strong>MUDANZAS SABAT\u00c9 se reserva expresamente el derecho a modificar unilateralmente, total o parcialmente, sin necesidad de previo aviso, este Aviso Legal. El usuario reconoce y acepta que es responsabilidad suya revisar peri\u00f3dicamente este Aviso Legal.<\/p>\n<p>[\/vc_column_text][\/vc_column][\/vc_row][vc_row][vc_column][vc_empty_space alter_height=\u00bbmedium\u00bb hide_on_mobile=\u00bb\u00bb][\/vc_column][\/vc_row]<\/p>\n<\/div>","protected":false},"excerpt":{"rendered":"<p>[vc_row css=\u00bb.vc_custom_1686856364697{padding-top: 5.3rem !important;padding-bottom: 5.8rem !important;}\u00bb][vc_column][vc_column_text] Aviso Legal [\/vc_column_text][\/vc_column][\/vc_row][vc_row][vc_column][vc_column_text]En cumplimiento con el deber informaci\u00f3n recogido en el art\u00edculo 10 de la Ley 34\/2002, de 11 de julio, de Servicios de la Sociedad de la Informaci\u00f3n y del Comercio Electr\u00f3nico, os informamos que el Sitio Web y el portal de Internet https:\/\/mudancessabate.com (en adelante, el \u00abWeb\u00bb) es titularidad de Ferran Sabat\u00e9&hellip;<\/p>\n","protected":false},"author":2,"featured_media":0,"parent":0,"menu_order":5000,"comment_status":"closed","ping_status":"closed","template":"","meta":{"footnotes":"","_joinchat":[]},"yoast_head":"<!-- This site is optimized with the Yoast SEO plugin v21.8 - https:\/\/yoast.com\/wordpress\/plugins\/seo\/ -->\n<title>Aviso legal - Mudances Sabat\u00e9<\/title>\n<meta name=\"robots\" content=\"index, follow, max-snippet:-1, max-image-preview:large, max-video-preview:-1\" \/>\n<link rel=\"canonical\" href=\"https:\/\/mudancessabate.com\/es\/avis-legal\/\" \/>\n<meta property=\"og:locale\" content=\"es_ES\" \/>\n<meta property=\"og:type\" content=\"article\" \/>\n<meta property=\"og:title\" content=\"Aviso legal - Mudances Sabat\u00e9\" \/>\n<meta property=\"og:description\" content=\"[vc_row css=\u00bb.vc_custom_1686856364697{padding-top: 5.3rem !important;padding-bottom: 5.8rem !important;}\u00bb][vc_column][vc_column_text] Aviso Legal [\/vc_column_text][\/vc_column][\/vc_row][vc_row][vc_column][vc_column_text]En cumplimiento con el deber informaci\u00f3n recogido en el art\u00edculo 10 de la Ley 34\/2002, de 11 de julio, de Servicios de la Sociedad de la Informaci\u00f3n y del Comercio Electr\u00f3nico, os informamos que el Sitio Web y el portal de Internet https:\/\/mudancessabate.com (en adelante, el \u00abWeb\u00bb) es titularidad de Ferran Sabat\u00e9&hellip;\" \/>\n<meta property=\"og:url\" content=\"https:\/\/mudancessabate.com\/es\/avis-legal\/\" \/>\n<meta property=\"og:site_name\" content=\"Mudances Sabat\u00e9\" \/>\n<meta property=\"article:modified_time\" content=\"2023-07-06T13:31:02+00:00\" \/>\n<meta name=\"twitter:card\" content=\"summary_large_image\" \/>\n<meta name=\"twitter:label1\" content=\"Tiempo de lectura\" \/>\n\t<meta name=\"twitter:data1\" content=\"1 minuto\" \/>\n<script type=\"application\/ld+json\" class=\"yoast-schema-graph\">{\"@context\":\"https:\/\/schema.org\",\"@graph\":[{\"@type\":\"WebPage\",\"@id\":\"https:\/\/mudancessabate.com\/es\/avis-legal\/\",\"url\":\"https:\/\/mudancessabate.com\/es\/avis-legal\/\",\"name\":\"Aviso legal - Mudances Sabat\u00e9\",\"isPartOf\":{\"@id\":\"https:\/\/mudancessabate.com\/es\/#website\"},\"datePublished\":\"2023-06-14T16:30:33+00:00\",\"dateModified\":\"2023-07-06T13:31:02+00:00\",\"breadcrumb\":{\"@id\":\"https:\/\/mudancessabate.com\/es\/avis-legal\/#breadcrumb\"},\"inLanguage\":\"es\",\"potentialAction\":[{\"@type\":\"ReadAction\",\"target\":[\"https:\/\/mudancessabate.com\/es\/avis-legal\/\"]}]},{\"@type\":\"BreadcrumbList\",\"@id\":\"https:\/\/mudancessabate.com\/es\/avis-legal\/#breadcrumb\",\"itemListElement\":[{\"@type\":\"ListItem\",\"position\":1,\"name\":\"Inici\",\"item\":\"https:\/\/mudancessabate.com\/es\/\"},{\"@type\":\"ListItem\",\"position\":2,\"name\":\"Aviso legal\"}]},{\"@type\":\"WebSite\",\"@id\":\"https:\/\/mudancessabate.com\/es\/#website\",\"url\":\"https:\/\/mudancessabate.com\/es\/\",\"name\":\"Mudances Sabat\u00e9\",\"description\":\"Mudem la Teva Vida\",\"publisher\":{\"@id\":\"https:\/\/mudancessabate.com\/es\/#organization\"},\"potentialAction\":[{\"@type\":\"SearchAction\",\"target\":{\"@type\":\"EntryPoint\",\"urlTemplate\":\"https:\/\/mudancessabate.com\/es\/?s={search_term_string}\"},\"query-input\":\"required name=search_term_string\"}],\"inLanguage\":\"es\"},{\"@type\":\"Organization\",\"@id\":\"https:\/\/mudancessabate.com\/es\/#organization\",\"name\":\"Mudances Sabat\u00e9\",\"url\":\"https:\/\/mudancessabate.com\/es\/\",\"logo\":{\"@type\":\"ImageObject\",\"inLanguage\":\"es\",\"@id\":\"https:\/\/mudancessabate.com\/es\/#\/schema\/logo\/image\/\",\"url\":\"\",\"contentUrl\":\"\",\"caption\":\"Mudances Sabat\u00e9\"},\"image\":{\"@id\":\"https:\/\/mudancessabate.com\/es\/#\/schema\/logo\/image\/\"}}]}<\/script>\n<!-- \/ Yoast SEO plugin. -->","yoast_head_json":{"title":"Aviso legal - Mudances Sabat\u00e9","robots":{"index":"index","follow":"follow","max-snippet":"max-snippet:-1","max-image-preview":"max-image-preview:large","max-video-preview":"max-video-preview:-1"},"canonical":"https:\/\/mudancessabate.com\/es\/avis-legal\/","og_locale":"es_ES","og_type":"article","og_title":"Aviso legal - Mudances Sabat\u00e9","og_description":"[vc_row css=\u00bb.vc_custom_1686856364697{padding-top: 5.3rem !important;padding-bottom: 5.8rem !important;}\u00bb][vc_column][vc_column_text] Aviso Legal [\/vc_column_text][\/vc_column][\/vc_row][vc_row][vc_column][vc_column_text]En cumplimiento con el deber informaci\u00f3n recogido en el art\u00edculo 10 de la Ley 34\/2002, de 11 de julio, de Servicios de la Sociedad de la Informaci\u00f3n y del Comercio Electr\u00f3nico, os informamos que el Sitio Web y el portal de Internet https:\/\/mudancessabate.com (en adelante, el \u00abWeb\u00bb) es titularidad de Ferran Sabat\u00e9&hellip;","og_url":"https:\/\/mudancessabate.com\/es\/avis-legal\/","og_site_name":"Mudances Sabat\u00e9","article_modified_time":"2023-07-06T13:31:02+00:00","twitter_card":"summary_large_image","twitter_misc":{"Tiempo de lectura":"1 minuto"},"schema":{"@context":"https:\/\/schema.org","@graph":[{"@type":"WebPage","@id":"https:\/\/mudancessabate.com\/es\/avis-legal\/","url":"https:\/\/mudancessabate.com\/es\/avis-legal\/","name":"Aviso legal - Mudances Sabat\u00e9","isPartOf":{"@id":"https:\/\/mudancessabate.com\/es\/#website"},"datePublished":"2023-06-14T16:30:33+00:00","dateModified":"2023-07-06T13:31:02+00:00","breadcrumb":{"@id":"https:\/\/mudancessabate.com\/es\/avis-legal\/#breadcrumb"},"inLanguage":"es","potentialAction":[{"@type":"ReadAction","target":["https:\/\/mudancessabate.com\/es\/avis-legal\/"]}]},{"@type":"BreadcrumbList","@id":"https:\/\/mudancessabate.com\/es\/avis-legal\/#breadcrumb","itemListElement":[{"@type":"ListItem","position":1,"name":"Inici","item":"https:\/\/mudancessabate.com\/es\/"},{"@type":"ListItem","position":2,"name":"Aviso legal"}]},{"@type":"WebSite","@id":"https:\/\/mudancessabate.com\/es\/#website","url":"https:\/\/mudancessabate.com\/es\/","name":"Mudances Sabat\u00e9","description":"Mudem la Teva Vida","publisher":{"@id":"https:\/\/mudancessabate.com\/es\/#organization"},"potentialAction":[{"@type":"SearchAction","target":{"@type":"EntryPoint","urlTemplate":"https:\/\/mudancessabate.com\/es\/?s={search_term_string}"},"query-input":"required name=search_term_string"}],"inLanguage":"es"},{"@type":"Organization","@id":"https:\/\/mudancessabate.com\/es\/#organization","name":"Mudances Sabat\u00e9","url":"https:\/\/mudancessabate.com\/es\/","logo":{"@type":"ImageObject","inLanguage":"es","@id":"https:\/\/mudancessabate.com\/es\/#\/schema\/logo\/image\/","url":"","contentUrl":"","caption":"Mudances Sabat\u00e9"},"image":{"@id":"https:\/\/mudancessabate.com\/es\/#\/schema\/logo\/image\/"}}]}},"_links":{"self":[{"href":"https:\/\/mudancessabate.com\/es\/wp-json\/wp\/v2\/pages\/1816"}],"collection":[{"href":"https:\/\/mudancessabate.com\/es\/wp-json\/wp\/v2\/pages"}],"about":[{"href":"https:\/\/mudancessabate.com\/es\/wp-json\/wp\/v2\/types\/page"}],"author":[{"embeddable":true,"href":"https:\/\/mudancessabate.com\/es\/wp-json\/wp\/v2\/users\/2"}],"replies":[{"embeddable":true,"href":"https:\/\/mudancessabate.com\/es\/wp-json\/wp\/v2\/comments?post=1816"}],"version-history":[{"count":8,"href":"https:\/\/mudancessabate.com\/es\/wp-json\/wp\/v2\/pages\/1816\/revisions"}],"predecessor-version":[{"id":2355,"href":"https:\/\/mudancessabate.com\/es\/wp-json\/wp\/v2\/pages\/1816\/revisions\/2355"}],"wp:attachment":[{"href":"https:\/\/mudancessabate.com\/es\/wp-json\/wp\/v2\/media?parent=1816"}],"curies":[{"name":"wp","href":"https:\/\/api.w.org\/{rel}","templated":true}]}}